{"id":10767,"date":"2023-02-09T16:08:28","date_gmt":"2023-02-09T15:08:28","guid":{"rendered":"http:\/\/bewatchmaker.com\/produit\/perpetua\/"},"modified":"2025-02-18T14:55:13","modified_gmt":"2025-02-18T13:55:13","slug":"perpetua","status":"publish","type":"product","link":"https:\/\/bewatchmaker.com\/de\/produit\/perpetua\/","title":{"rendered":"Perpetua"},"content":{"rendered":"<div class=\"gb-container gb-container-18824611 text-two-columns\">\r\n\r\n<div class=\"gb-headline gb-headline-b736ad53 gb-headline-text gb-headline-pre-heading\">Lieferungen<\/div>\r\n\r\n\r\n<ul class=\"wp-block-list\">&#13;\n<li>Uhrengeh\u00e4use <strong>&#8222;2 St\u00fcck&#8220; <\/strong>(Geh\u00e4usemittelteil + Boden)<\/li>&#13;\n\r\n\r\n&#13;\n<li>Armband mit auf das Uhrengeh\u00e4use abgestimmter Schnalle<\/li>&#13;\n\r\n\r\n&#13;\n<li>2 Federstege f\u00fcr Armband<\/li>&#13;\n\r\n\r\n&#13;\n<li>Zifferblatt<\/li>&#13;\n\r\n\r\n&#13;\n<li>2 Nadels\u00e4tze<\/li>&#13;\n\r\n\r\n&#13;\n<li>Uhrwerk Kaliber SW200<\/li>&#13;\n\r\n\r\n&#13;\n<li>Stundenrad und Zifferblattring<\/li>&#13;\n\r\n\r\n&#13;\n<li>Schraube<\/li>&#13;\n\r\n\r\n&#13;\n<li>Einsteckkreis<\/li>&#13;\n\r\n\r\n&#13;\n<li>Flansche<\/li>&#13;\n\r\n\r\n&#13;\n<li>Flanschschraube<\/li>&#13;\n<\/ul>\r\n\r\n\r\n<div class=\"gb-headline gb-headline-ffe47992 gb-headline-text gb-headline-pre-heading\">Zugang zu Ausbildung<\/div>\r\n\r\n\r\n<ul class=\"wp-block-list\">&#13;\n<li>Videoreihe von Alpha-Trainings<\/li>&#13;\n\r\n\r\n&#13;\n<li>15 Videos mit einer Gesamtl\u00e4nge von etwa 60 Minuten.<\/li>&#13;\n<\/ul>\r\n<\/div><div class=\"gb-container gb-container-5fe759a3\">\r\n\r\n<div class=\"gb-headline gb-headline-ad2dd877 gb-headline-text gb-headline-pre-heading\">\u00c9crin \/ Werkzeug<\/div>\r\n\r\n\r\n<ul class=\"wp-block-list text-two-columns\">&#13;\n<li>BeWatchmaker-Schirm<\/li>&#13;\n\r\n\r\n&#13;\n<li>Mikrofone<\/li>&#13;\n\r\n\r\n&#13;\n<li>Mikrofonhalter<\/li>&#13;\n\r\n\r\n&#13;\n<li>Pinzette<\/li>&#13;\n\r\n\r\n&#13;\n<li>Holzd\u00fcbel<\/li>&#13;\n\r\n\r\n&#13;\n<li>Schraubendreher rosa 160<\/li>&#13;\n\r\n\r\n&#13;\n<li>Stollenwerkzeug<\/li>&#13;\n\r\n\r\n&#13;\n<li>Nadeltreiber<\/li>&#13;\n\r\n\r\n&#13;\n<li>Hebel an den Nadeln<\/li>&#13;\n\r\n\r\n&#13;\n<li>Schl\u00fcssel f\u00fcr geschraubten Boden<\/li>&#13;\n\r\n\r\n&#13;\n<li>Fingern\u00e4gel<\/li>&#13;\n\r\n\r\n&#13;\n<li>Rodico<\/li>&#13;\n\r\n\r\n&#13;\n<li>Schreibunterlage<\/li>&#13;\n\r\n\r\n&#13;\n<li>Mikrofasertuch<\/li>&#13;\n\r\n\r\n&#13;\n<li>Ablagefl\u00e4che<\/li>&#13;\n\r\n\r\n&#13;\n<li>Handblasebalg<\/li>&#13;\n\r\n\r\n&#13;\n<li>Schachtelkissen<\/li>&#13;\n\r\n\r\n&#13;\n<li>Zifferblattschutz<\/li>&#13;\n\r\n\r\n&#13;\n<li>T\u00fcr Bewegung<\/li>&#13;\n\r\n\r\n&#13;\n<li>Bewegungshalter f\u00fcr Weichen<\/li>&#13;\n\r\n\r\n&#13;\n<li>Brief f\u00fcr die R\u00fccksendung<\/li>&#13;\n<\/ul>\r\n\r\n\r\n\n<figure class=\"gb-block-image gb-block-image-47d8d272\"><img loading=\"lazy\" decoding=\"async\" width=\"2000\" height=\"1333\" class=\"gb-image gb-image-47d8d272\" title=\"kit-bewatchmaker-1\" src=\"http:\/\/bewatchmaker.com\/wp-content\/uploads\/2023\/10\/kit-bewatchmaker-1.jpg\" alt=\"kit-bewatchmaker-1\" srcset=\"https:\/\/bewatchmaker.com\/wp-content\/uploads\/2023\/10\/kit-bewatchmaker-1.jpg 2000w, https:\/\/bewatchmaker.com\/wp-content\/uploads\/2023\/10\/kit-bewatchmaker-1-600x400.jpg 600w, https:\/\/bewatchmaker.com\/wp-content\/uploads\/2023\/10\/kit-bewatchmaker-1-300x200.jpg 300w, https:\/\/bewatchmaker.com\/wp-content\/uploads\/2023\/10\/kit-bewatchmaker-1-800x533.jpg 800w, https:\/\/bewatchmaker.com\/wp-content\/uploads\/2023\/10\/kit-bewatchmaker-1-1024x682.jpg 1024w, https:\/\/bewatchmaker.com\/wp-content\/uploads\/2023\/10\/kit-bewatchmaker-1-150x100.jpg 150w, https:\/\/bewatchmaker.com\/wp-content\/uploads\/2023\/10\/kit-bewatchmaker-1-768x512.jpg 768w, https:\/\/bewatchmaker.com\/wp-content\/uploads\/2023\/10\/kit-bewatchmaker-1-1536x1024.jpg 1536w\" sizes=\"auto, (max-width: 2000px) 100vw, 2000px\" \/><\/figure>\n\r\n\r\n<div class=\"gb-container gb-container-be138959\">\r\n\r\n<div class=\"gb-container gb-container-8ddf065c\">\r\n\r\n\n<figure class=\"gb-block-image gb-block-image-5c980c78\"><img loading=\"lazy\" decoding=\"async\" width=\"1700\" height=\"1700\" class=\"gb-image gb-image-5c980c78\" title=\"kaliber-sw200\" src=\"http:\/\/bewatchmaker.com\/wp-content\/uploads\/2023\/02\/calibre-sw200.jpg\" alt=\"Kaliber SW200\" srcset=\"https:\/\/bewatchmaker.com\/wp-content\/uploads\/2023\/02\/calibre-sw200.jpg 1700w, https:\/\/bewatchmaker.com\/wp-content\/uploads\/2023\/02\/calibre-sw200-600x600.jpg 600w, https:\/\/bewatchmaker.com\/wp-content\/uploads\/2023\/02\/calibre-sw200-300x300.jpg 300w, https:\/\/bewatchmaker.com\/wp-content\/uploads\/2023\/02\/calibre-sw200-800x800.jpg 800w, https:\/\/bewatchmaker.com\/wp-content\/uploads\/2023\/02\/calibre-sw200-1024x1024.jpg 1024w, https:\/\/bewatchmaker.com\/wp-content\/uploads\/2023\/02\/calibre-sw200-150x150.jpg 150w, https:\/\/bewatchmaker.com\/wp-content\/uploads\/2023\/02\/calibre-sw200-768x768.jpg 768w, https:\/\/bewatchmaker.com\/wp-content\/uploads\/2023\/02\/calibre-sw200-1536x1536.jpg 1536w\" sizes=\"auto, (max-width: 1700px) 100vw, 1700px\" \/><\/figure>\n<\/div>\r\n\r\n<div class=\"gb-container gb-container-1eb6b12d\">\r\n\r\n<div class=\"gb-headline gb-headline-ec89ac28 gb-headline-text gb-headline-pre-heading\">\u00dcber die Bewegung<\/div>\r\n\r\n<div class=\"gb-headline gb-headline-4004d8d4 gb-headline-text gb-headline-pre-heading\">Kaliber SW200<\/div>\r\n\r\n<div class=\"gb-headline gb-headline-73a7b9ed gb-headline-text\">Dieses Kaliber ist ein vielseitiges mechanisches Automatikwerk. Sie verf\u00fcgt \u00fcber drei Zeiger f\u00fcr Stunden, Minuten und Sekunden sowie \u00fcber eine Datumsfunktion und einen automatischen Aufzug. Diese Funktionen machen sie zu einer beliebten Wahl f\u00fcr eine Vielzahl von Schweizer Armbanduhren. Der SW200 ist f\u00fcr seine Genauigkeit und Zuverl\u00e4ssigkeit bekannt, was ihn zu einem Eckpfeiler der Qualit\u00e4tsuhrmacherei macht.<\/div><\/div><\/div><\/div>","protected":false},"excerpt":{"rendered":"<p>Entdecken Sie das Wesen der Uhrmacherkunst: eine Automatikuhr mit einem durchbrochenen Zifferblatt, das die Magie des Zeiteinstellmechanismus offenbart.<\/p>\n","protected":false},"featured_media":8877,"template":"","meta":{"_acf_changed":false,"_seopress_robots_primary_cat":"none","_seopress_titles_title":"","_seopress_titles_desc":"","_seopress_robots_index":""},"product_brand":[],"product_cat":[164],"product_tag":[],"class_list":{"0":"post-10767","1":"product","2":"type-product","3":"status-publish","4":"has-post-thumbnail","6":"product_cat-konfigurierbar","7":"sales-flash-overlay","8":"woocommerce-text-align-center","9":"woocommerce-image-align-center","11":"first","12":"instock","13":"taxable","14":"shipping-taxable","15":"purchasable","16":"product-type-variable","17":"has-default-attributes","18":"rtwpvg-product"},"acf":[],"_links":{"self":[{"href":"https:\/\/bewatchmaker.com\/de\/wp-json\/wp\/v2\/product\/10767","targetHints":{"allow":["GET"]}}],"collection":[{"href":"https:\/\/bewatchmaker.com\/de\/wp-json\/wp\/v2\/product"}],"about":[{"href":"https:\/\/bewatchmaker.com\/de\/wp-json\/wp\/v2\/types\/product"}],"wp:featuredmedia":[{"embeddable":true,"href":"https:\/\/bewatchmaker.com\/de\/wp-json\/wp\/v2\/media\/8877"}],"wp:attachment":[{"href":"https:\/\/bewatchmaker.com\/de\/wp-json\/wp\/v2\/media?parent=10767"}],"wp:term":[{"taxonomy":"product_brand","embeddable":true,"href":"https:\/\/bewatchmaker.com\/de\/wp-json\/wp\/v2\/product_brand?post=10767"},{"taxonomy":"product_cat","embeddable":true,"href":"https:\/\/bewatchmaker.com\/de\/wp-json\/wp\/v2\/product_cat?post=10767"},{"taxonomy":"product_tag","embeddable":true,"href":"https:\/\/bewatchmaker.com\/de\/wp-json\/wp\/v2\/product_tag?post=10767"}],"curies":[{"name":"wp","href":"https:\/\/api.w.org\/{rel}","templated":true}]}}