{"id":10860,"date":"2023-05-11T11:52:52","date_gmt":"2023-05-11T09:52:52","guid":{"rendered":"http:\/\/bewatchmaker.com\/produit\/aeon\/"},"modified":"2025-02-18T14:55:19","modified_gmt":"2025-02-18T13:55:19","slug":"aeon","status":"publish","type":"product","link":"https:\/\/bewatchmaker.com\/de\/produit\/aeon\/","title":{"rendered":"Aeon"},"content":{"rendered":"<div class=\"gb-container gb-container-18824611 text-two-columns\">\n\n<div class=\"gb-headline gb-headline-b736ad53 gb-headline-text gb-headline-pre-heading\">Lieferungen<\/div>\n\n\n\n<ul class=\"wp-block-list\">\n<li>Uhrengeh\u00e4use <strong>&#8222;2 St\u00fcck&#8220; <\/strong>(L\u00fcnette + Mittelteil)<\/li>\n\n\n\n<li>Armband mit auf das Uhrengeh\u00e4use abgestimmter Schnalle<\/li>\n\n\n\n<li>2 Federstege f\u00fcr Armband<\/li>\n\n\n\n<li>Zifferblatt<\/li>\n\n\n\n<li>2 Nadels\u00e4tze<\/li>\n\n\n\n<li>Uhrwerk Kaliber DB-6<\/li>\n\n\n\n<li>Stundenrad und sein Glitzer<\/li>\n\n\n\n<li>Schraube<\/li>\n<\/ul>\n\n\n\n<div class=\"gb-headline gb-headline-ffe47992 gb-headline-text gb-headline-pre-heading\">Zugang zu Ausbildung<\/div>\n\n\n\n<ul class=\"wp-block-list\">\n<li>Videoreihe von Alpha-Trainings<\/li>\n\n\n\n<li>15 Videos mit einer Gesamtl\u00e4nge von etwa 60 Minuten.<\/li>\n<\/ul>\n\n<\/div><div class=\"gb-container gb-container-5fe759a3\">\n\n<div class=\"gb-headline gb-headline-ad2dd877 gb-headline-text gb-headline-pre-heading\">\u00c9crin \/ Werkzeug<\/div>\n\n\n\n<ul class=\"wp-block-list text-two-columns\">\n<li>BeWatchmaker-Schirm<\/li>\n\n\n\n<li>Mikrofone<\/li>\n\n\n\n<li>Mikrofonhalter<\/li>\n\n\n\n<li>Pinzette<\/li>\n\n\n\n<li>Holzd\u00fcbel<\/li>\n\n\n\n<li>Schraubendreher rosa 160<\/li>\n\n\n\n<li>Stollenwerkzeug<\/li>\n\n\n\n<li>Nadeltreiber<\/li>\n\n\n\n<li>Hebel an den Nadeln<\/li>\n\n\n\n<li>Schl\u00fcssel f\u00fcr geschraubten Boden<\/li>\n\n\n\n<li>Fingern\u00e4gel<\/li>\n\n\n\n<li>Rodico<\/li>\n\n\n\n<li>Schreibunterlage<\/li>\n\n\n\n<li>Mikrofasertuch<\/li>\n\n\n\n<li>Ablagefl\u00e4che<\/li>\n\n\n\n<li>Handblasebalg<\/li>\n\n\n\n<li>Schachtelkissen<\/li>\n\n\n\n<li>Zifferblattschutz<\/li>\n\n\n\n<li>T\u00fcr Bewegung<\/li>\n\n\n\n<li>Bewegungshalter f\u00fcr Weichen<\/li>\n\n\n\n<li>Brief f\u00fcr die R\u00fccksendung<\/li>\n<\/ul>\n\n\n\n<figure class=\"gb-block-image gb-block-image-47d8d272\"><img loading=\"lazy\" decoding=\"async\" width=\"2000\" height=\"1333\" class=\"gb-image gb-image-47d8d272\" src=\"http:\/\/bewatchmaker.com\/wp-content\/uploads\/2023\/10\/kit-bewatchmaker-1.jpg\" alt=\"kit-bewatchmaker-1\" title=\"kit-bewatchmaker-1\" srcset=\"https:\/\/bewatchmaker.com\/wp-content\/uploads\/2023\/10\/kit-bewatchmaker-1.jpg 2000w, https:\/\/bewatchmaker.com\/wp-content\/uploads\/2023\/10\/kit-bewatchmaker-1-600x400.jpg 600w, https:\/\/bewatchmaker.com\/wp-content\/uploads\/2023\/10\/kit-bewatchmaker-1-300x200.jpg 300w, https:\/\/bewatchmaker.com\/wp-content\/uploads\/2023\/10\/kit-bewatchmaker-1-800x533.jpg 800w, https:\/\/bewatchmaker.com\/wp-content\/uploads\/2023\/10\/kit-bewatchmaker-1-1024x682.jpg 1024w, https:\/\/bewatchmaker.com\/wp-content\/uploads\/2023\/10\/kit-bewatchmaker-1-150x100.jpg 150w, https:\/\/bewatchmaker.com\/wp-content\/uploads\/2023\/10\/kit-bewatchmaker-1-768x512.jpg 768w, https:\/\/bewatchmaker.com\/wp-content\/uploads\/2023\/10\/kit-bewatchmaker-1-1536x1024.jpg 1536w\" sizes=\"auto, (max-width: 2000px) 100vw, 2000px\" \/><\/figure>\n\n\n<div class=\"gb-container gb-container-be138959\">\n<div class=\"gb-container gb-container-8ddf065c\">\n\n<figure class=\"gb-block-image gb-block-image-5c980c78\"><img loading=\"lazy\" decoding=\"async\" width=\"1700\" height=\"1700\" class=\"gb-image gb-image-5c980c78\" src=\"http:\/\/bewatchmaker.com\/wp-content\/uploads\/2023\/10\/calibre-db6.jpg\" alt=\"Kaliber DB6\" title=\"calibre-db6\" srcset=\"https:\/\/bewatchmaker.com\/wp-content\/uploads\/2023\/10\/calibre-db6.jpg 1700w, https:\/\/bewatchmaker.com\/wp-content\/uploads\/2023\/10\/calibre-db6-600x600.jpg 600w, https:\/\/bewatchmaker.com\/wp-content\/uploads\/2023\/10\/calibre-db6-300x300.jpg 300w, https:\/\/bewatchmaker.com\/wp-content\/uploads\/2023\/10\/calibre-db6-800x800.jpg 800w, https:\/\/bewatchmaker.com\/wp-content\/uploads\/2023\/10\/calibre-db6-1024x1024.jpg 1024w, https:\/\/bewatchmaker.com\/wp-content\/uploads\/2023\/10\/calibre-db6-150x150.jpg 150w, https:\/\/bewatchmaker.com\/wp-content\/uploads\/2023\/10\/calibre-db6-768x768.jpg 768w, https:\/\/bewatchmaker.com\/wp-content\/uploads\/2023\/10\/calibre-db6-1536x1536.jpg 1536w\" sizes=\"auto, (max-width: 1700px) 100vw, 1700px\" \/><\/figure>\n\n<\/div>\n\n<div class=\"gb-container gb-container-1eb6b12d\">\n\n<div class=\"gb-headline gb-headline-ec89ac28 gb-headline-text gb-headline-pre-heading\">\u00dcber die Bewegung<\/div>\n\n\n\n<div class=\"gb-headline gb-headline-4004d8d4 gb-headline-text gb-headline-pre-heading\">Kaliber DB6<\/div>\n\n\n\n<div class=\"gb-headline gb-headline-73a7b9ed gb-headline-text\">Dieses Kaliber ist ein mechanisches Handaufzugswerk, das f\u00fcr seine Robustheit bekannt ist. Sie zeichnet sich durch ein einfaches Design aus, mit drei Zeigern f\u00fcr Stunden, Minuten und einer kleinen Sekunde bei 6H. Dieses Uhrwerk wird wegen seiner gro\u00dfen Gr\u00f6\u00dfe gesch\u00e4tzt, die ein ger\u00e4umiges Zifferblatt und eine bessere Ablesbarkeit erm\u00f6glicht. Es wird h\u00e4ufig in Uhren mit minimalistischer Anzeige oder in Uhren im Vintage-Stil verwendet.<\/div>\n\n<\/div>\n<\/div>\n<\/div>","protected":false},"excerpt":{"rendered":"<p>Entdecken Sie die perfekte Kombination aus Moderne und Klassik mit unserer mechanischen Uhr mit guillochiertem Zifferblatt und durchbrochenen Zeigern.<\/p>\n","protected":false},"featured_media":8869,"template":"","meta":{"_acf_changed":false,"_seopress_robots_primary_cat":"","_seopress_titles_title":"","_seopress_titles_desc":"","_seopress_robots_index":""},"product_brand":[],"product_cat":[164],"product_tag":[],"class_list":{"0":"post-10860","1":"product","2":"type-product","3":"status-publish","4":"has-post-thumbnail","6":"product_cat-konfigurierbar","7":"sales-flash-overlay","8":"woocommerce-text-align-center","9":"woocommerce-image-align-center","11":"first","12":"instock","13":"taxable","14":"shipping-taxable","15":"purchasable","16":"product-type-variable","17":"has-default-attributes","18":"rtwpvg-product"},"acf":[],"_links":{"self":[{"href":"https:\/\/bewatchmaker.com\/de\/wp-json\/wp\/v2\/product\/10860","targetHints":{"allow":["GET"]}}],"collection":[{"href":"https:\/\/bewatchmaker.com\/de\/wp-json\/wp\/v2\/product"}],"about":[{"href":"https:\/\/bewatchmaker.com\/de\/wp-json\/wp\/v2\/types\/product"}],"wp:featuredmedia":[{"embeddable":true,"href":"https:\/\/bewatchmaker.com\/de\/wp-json\/wp\/v2\/media\/8869"}],"wp:attachment":[{"href":"https:\/\/bewatchmaker.com\/de\/wp-json\/wp\/v2\/media?parent=10860"}],"wp:term":[{"taxonomy":"product_brand","embeddable":true,"href":"https:\/\/bewatchmaker.com\/de\/wp-json\/wp\/v2\/product_brand?post=10860"},{"taxonomy":"product_cat","embeddable":true,"href":"https:\/\/bewatchmaker.com\/de\/wp-json\/wp\/v2\/product_cat?post=10860"},{"taxonomy":"product_tag","embeddable":true,"href":"https:\/\/bewatchmaker.com\/de\/wp-json\/wp\/v2\/product_tag?post=10860"}],"curies":[{"name":"wp","href":"https:\/\/api.w.org\/{rel}","templated":true}]}}