{"id":12833,"date":"2024-11-13T16:18:11","date_gmt":"2024-11-13T15:18:11","guid":{"rendered":"http:\/\/bewatchmaker.com\/produit\/pasien\/"},"modified":"2024-12-11T09:05:09","modified_gmt":"2024-12-11T08:05:09","slug":"pasien","status":"publish","type":"product","link":"https:\/\/bewatchmaker.com\/de\/produit\/pasien\/","title":{"rendered":"Pasien"},"content":{"rendered":"\n<p>Die Pasien, die in Zusammenarbeit mit Initium entwickelt wurde, ist in einer Bicolor-Version in Gelbgold und Stahl mit abwechselnd polierten und satinierten Oberfl\u00e4chen erh\u00e4ltlich.<\/p>\n\n<p>Das brandneue 42 mm gro\u00dfe Breguet-Geh\u00e4use ist besonders auff\u00e4llig und macht diese Uhr zu einem Modell, das die klassischen Codes perfekt respektiert.<\/p>\n\n<p>Das Zifferblatt mit seinen r\u00f6mischen Ziffern und dem Logo auf einer goldfarbenen Platte erinnert an die Eleganz dieser Uhr, w\u00e4hrend die blauen Zeiger das Ganze unterstreichen.<\/p>\n\n<p>Das bordeauxrote Lederarmband mit einer goldfarbenen Dornschlie\u00dfe vervollst\u00e4ndigt den Look dieser zeitlosen Uhr.<\/p>\n\n<p>Dieses Modell ist mit dem Kaliber ETA 6497 ausgestattet, einem Schweizer Mechanikwerk mit gebl\u00e4uten Schrauben, die an die Zeiger erinnern, und mit Br\u00fccken mit Genfer Streifen.<\/p>\n","protected":false},"excerpt":{"rendered":"<p>Ein perfektes Gleichgewicht zwischen Tradition und Raffinesse, mit einem goldenen Zifferblatt mit r\u00f6mischen Ziffern und blauen Zeigern, die von einem au\u00dfergew\u00f6hnlichen Schweizer Mechanikwerk veredelt werden.<\/p>\n","protected":false},"featured_media":13212,"template":"","meta":{"_acf_changed":false,"_seopress_robots_primary_cat":"none","_seopress_titles_title":"","_seopress_titles_desc":"","_seopress_robots_index":""},"product_brand":[],"product_cat":[170],"product_tag":[171],"class_list":{"0":"post-12833","1":"product","2":"type-product","3":"status-publish","4":"has-post-thumbnail","6":"product_cat-initium-de","7":"product_tag-bewegung-6497-eta","8":"sales-flash-overlay","9":"woocommerce-text-align-center","10":"woocommerce-image-align-center","11":"wc-has-gallery","13":"first","14":"instock","15":"taxable","16":"shipping-taxable","17":"purchasable","18":"product-type-simple"},"acf":[],"_links":{"self":[{"href":"https:\/\/bewatchmaker.com\/de\/wp-json\/wp\/v2\/product\/12833","targetHints":{"allow":["GET"]}}],"collection":[{"href":"https:\/\/bewatchmaker.com\/de\/wp-json\/wp\/v2\/product"}],"about":[{"href":"https:\/\/bewatchmaker.com\/de\/wp-json\/wp\/v2\/types\/product"}],"wp:featuredmedia":[{"embeddable":true,"href":"https:\/\/bewatchmaker.com\/de\/wp-json\/wp\/v2\/media\/13212"}],"wp:attachment":[{"href":"https:\/\/bewatchmaker.com\/de\/wp-json\/wp\/v2\/media?parent=12833"}],"wp:term":[{"taxonomy":"product_brand","embeddable":true,"href":"https:\/\/bewatchmaker.com\/de\/wp-json\/wp\/v2\/product_brand?post=12833"},{"taxonomy":"product_cat","embeddable":true,"href":"https:\/\/bewatchmaker.com\/de\/wp-json\/wp\/v2\/product_cat?post=12833"},{"taxonomy":"product_tag","embeddable":true,"href":"https:\/\/bewatchmaker.com\/de\/wp-json\/wp\/v2\/product_tag?post=12833"}],"curies":[{"name":"wp","href":"https:\/\/api.w.org\/{rel}","templated":true}]}}