{"id":13323,"date":"2024-11-15T20:15:31","date_gmt":"2024-11-15T19:15:31","guid":{"rendered":"http:\/\/bewatchmaker.com\/produit\/mermoz\/"},"modified":"2024-12-10T10:02:55","modified_gmt":"2024-12-10T09:02:55","slug":"mermoz","status":"publish","type":"product","link":"https:\/\/bewatchmaker.com\/de\/produit\/mermoz\/","title":{"rendered":"Mermoz"},"content":{"rendered":"\n<p>Mermoz wurde mit dem Ziel entwickelt, die Gr\u00f6\u00dfe des Zifferblatts maximal auszunutzen. Die Uhr ist in einer einfarbigen Version aus Stahl mit polierter Oberfl\u00e4che erh\u00e4ltlich. <\/p>\n\n<p>Das Zifferblatt ist mit einem Tachymeter ausgestattet und wird die Flugfans unter Ihnen begeistern. Die dicken Luminova-Zeiger sorgen f\u00fcr eine optimale Ablesbarkeit, auch bei wenig Licht. <\/p>\n\n<p>Das braune oder schwarze Lederarmband erinnert an alte Pilotenjacken, mit wei\u00dfen N\u00e4hten, die das Zifferblatt betonen.<\/p>\n\n<p>Dieses Modell ist mit dem Kaliber BW01 ausgestattet, das in grau oder schwarz erh\u00e4ltlich ist. Es handelt sich um ein mechanisches Schweizer Uhrwerk, dessen Verzierungen so bearbeitet wurden, dass jedes Detail des Zeitmessers hervorgehoben wird und die Pr\u00e4senz der Rubine betont wird.<\/p>\n","protected":false},"excerpt":{"rendered":"<p>Eine Uhr, die f\u00fcr Flugbegeisterte entworfen wurde. Mit ihrem funktionellen Tachymeter und den leuchtenden Zeigern f\u00e4ngt sie den Geist der Pioniere der L\u00fcfte ein. <\/p>\n","protected":false},"featured_media":12907,"template":"","meta":{"_acf_changed":false,"_seopress_robots_primary_cat":"none","_seopress_titles_title":"","_seopress_titles_desc":"","_seopress_robots_index":""},"product_brand":[],"product_cat":[180],"product_tag":[181],"class_list":{"0":"post-13323","1":"product","2":"type-product","3":"status-publish","4":"has-post-thumbnail","6":"product_cat-pilot","7":"product_tag-uhrwerk-bw01","8":"sales-flash-overlay","9":"woocommerce-text-align-center","10":"woocommerce-image-align-center","12":"first","13":"instock","14":"taxable","15":"shipping-taxable","16":"purchasable","17":"product-type-simple"},"acf":[],"_links":{"self":[{"href":"https:\/\/bewatchmaker.com\/de\/wp-json\/wp\/v2\/product\/13323","targetHints":{"allow":["GET"]}}],"collection":[{"href":"https:\/\/bewatchmaker.com\/de\/wp-json\/wp\/v2\/product"}],"about":[{"href":"https:\/\/bewatchmaker.com\/de\/wp-json\/wp\/v2\/types\/product"}],"wp:featuredmedia":[{"embeddable":true,"href":"https:\/\/bewatchmaker.com\/de\/wp-json\/wp\/v2\/media\/12907"}],"wp:attachment":[{"href":"https:\/\/bewatchmaker.com\/de\/wp-json\/wp\/v2\/media?parent=13323"}],"wp:term":[{"taxonomy":"product_brand","embeddable":true,"href":"https:\/\/bewatchmaker.com\/de\/wp-json\/wp\/v2\/product_brand?post=13323"},{"taxonomy":"product_cat","embeddable":true,"href":"https:\/\/bewatchmaker.com\/de\/wp-json\/wp\/v2\/product_cat?post=13323"},{"taxonomy":"product_tag","embeddable":true,"href":"https:\/\/bewatchmaker.com\/de\/wp-json\/wp\/v2\/product_tag?post=13323"}],"curies":[{"name":"wp","href":"https:\/\/api.w.org\/{rel}","templated":true}]}}