{"id":13337,"date":"2024-11-15T20:35:37","date_gmt":"2024-11-15T19:35:37","guid":{"rendered":"http:\/\/bewatchmaker.com\/produit\/dark-saintlo\/"},"modified":"2024-12-10T10:01:31","modified_gmt":"2024-12-10T09:01:31","slug":"dark-saintlo","status":"publish","type":"product","link":"https:\/\/bewatchmaker.com\/de\/produit\/dark-saintlo\/","title":{"rendered":"Dark Saintlo"},"content":{"rendered":"\n<p>Der Saintlo symbolisiert unser Bestreben, mit der Zeit zu gehen. Sein Design ist sehr schlicht und die Eleganz liegt in der Einfachheit. Er ist einfarbig in schwarz mit einer polierten Oberfl\u00e4che erh\u00e4ltlich. <\/p>\n\n<p>Das moderne, runde 40mm Geh\u00e4use ist an verschiedenen Stellen ausgeh\u00f6hlt, was dem Vintage-Look einen sportlichen Touch verleiht. Die &#8222;Rubin&#8220;-Krone verleiht diesem St\u00fcck ein unverwechselbares Detail, das es in Ihrer Sammlung hervorhebt. <\/p>\n\n<p>Das champagnerfarbene Zifferblatt unterstreicht die diskrete Seite dieser Uhr, w\u00e4hrend das Datumsfenster bei 6 Uhr ein harmonisches Gleichgewicht in die Ausrichtung des Designs bringt.<\/p>\n\n<p>Das Armband aus Milanaise-Mesh ist sehr flexibel und garantiert einen optimalen Tragekomfort, w\u00e4hrend es gleichzeitig einen angenehmen visuellen Stil bietet.<\/p>\n\n<p>Dieses Modell ist mit dem Kaliber SW200, einem automatischen mechanischen Uhrwerk aus der Schweiz, ausgestattet.<\/p>\n","protected":false},"excerpt":{"rendered":"<p>Eine Uhr mit zeitlosem und raffiniertem Stil. Das runde 40mm Geh\u00e4use und die Rubinkrone verleihen diesem modernen Modell eine einzigartige Note. <\/p>\n","protected":false},"featured_media":13236,"template":"","meta":{"_acf_changed":false,"_seopress_robots_primary_cat":"none","_seopress_titles_title":"","_seopress_titles_desc":"","_seopress_robots_index":""},"product_brand":[],"product_cat":[186],"product_tag":[187],"class_list":{"0":"post-13337","1":"product","2":"type-product","3":"status-publish","4":"has-post-thumbnail","6":"product_cat-vintage-de","7":"product_tag-bewegung-sw200","8":"sales-flash-overlay","9":"woocommerce-text-align-center","10":"woocommerce-image-align-center","12":"first","13":"instock","14":"taxable","15":"shipping-taxable","16":"purchasable","17":"product-type-simple"},"acf":[],"_links":{"self":[{"href":"https:\/\/bewatchmaker.com\/de\/wp-json\/wp\/v2\/product\/13337","targetHints":{"allow":["GET"]}}],"collection":[{"href":"https:\/\/bewatchmaker.com\/de\/wp-json\/wp\/v2\/product"}],"about":[{"href":"https:\/\/bewatchmaker.com\/de\/wp-json\/wp\/v2\/types\/product"}],"wp:featuredmedia":[{"embeddable":true,"href":"https:\/\/bewatchmaker.com\/de\/wp-json\/wp\/v2\/media\/13236"}],"wp:attachment":[{"href":"https:\/\/bewatchmaker.com\/de\/wp-json\/wp\/v2\/media?parent=13337"}],"wp:term":[{"taxonomy":"product_brand","embeddable":true,"href":"https:\/\/bewatchmaker.com\/de\/wp-json\/wp\/v2\/product_brand?post=13337"},{"taxonomy":"product_cat","embeddable":true,"href":"https:\/\/bewatchmaker.com\/de\/wp-json\/wp\/v2\/product_cat?post=13337"},{"taxonomy":"product_tag","embeddable":true,"href":"https:\/\/bewatchmaker.com\/de\/wp-json\/wp\/v2\/product_tag?post=13337"}],"curies":[{"name":"wp","href":"https:\/\/api.w.org\/{rel}","templated":true}]}}