{"id":13344,"date":"2024-11-15T20:55:56","date_gmt":"2024-11-15T19:55:56","guid":{"rendered":"http:\/\/bewatchmaker.com\/produit\/gotham-003\/"},"modified":"2024-12-10T10:02:19","modified_gmt":"2024-12-10T09:02:19","slug":"gotham-003","status":"publish","type":"product","link":"https:\/\/bewatchmaker.com\/de\/produit\/gotham-003\/","title":{"rendered":"Gotham 003"},"content":{"rendered":"\n<p>Die Gotham verk\u00f6rpert den Wandel des Vintage-Stils mit einem Steampunk-Stil, der sich perfekt zwischen Vergangenheit und Moderne einf\u00fcgt. Sie ist in einer einfarbigen Version aus Stahl mit abwechselnd polierten und satinierten Oberfl\u00e4chen erh\u00e4ltlich. <\/p>\n\n<p>Das offene Zifferblatt erm\u00f6glicht Ihnen den Blick auf den Zeiteinstellmechanismus, ein \u00e4u\u00dferst seltenes Detail, insbesondere an dieser Stelle des Zifferblatts. Die Zeiger sind ebenfalls durchbrochen und verst\u00e4rken den einzigartigen Charakter der Uhr. <\/p>\n\n<p>Das schwarze Lederarmband mit seiner Dornschlie\u00dfe aus Stahl verleiht der Uhr den letzten Schliff.<\/p>\n\n<p>Dieses Modell ist mit dem Kaliber SW200, einem automatischen mechanischen Uhrwerk aus der Schweiz, ausgestattet.<\/p>\n","protected":false},"excerpt":{"rendered":"<p>Steampunk-Eleganz auf halbem Weg zwischen Vergangenheit und Moderne. Das offene Zifferblatt und die durchbrochenen Zeiger zeigen ein einzigartiges Design. <\/p>\n","protected":false},"featured_media":13248,"template":"","meta":{"_acf_changed":false,"_seopress_robots_primary_cat":"none","_seopress_titles_title":"","_seopress_titles_desc":"","_seopress_robots_index":""},"product_brand":[],"product_cat":[186],"product_tag":[187],"class_list":{"0":"post-13344","1":"product","2":"type-product","3":"status-publish","4":"has-post-thumbnail","6":"product_cat-vintage-de","7":"product_tag-bewegung-sw200","8":"sales-flash-overlay","9":"woocommerce-text-align-center","10":"woocommerce-image-align-center","11":"wc-has-gallery","13":"first","14":"instock","15":"taxable","16":"shipping-taxable","17":"purchasable","18":"product-type-simple"},"acf":[],"_links":{"self":[{"href":"https:\/\/bewatchmaker.com\/de\/wp-json\/wp\/v2\/product\/13344","targetHints":{"allow":["GET"]}}],"collection":[{"href":"https:\/\/bewatchmaker.com\/de\/wp-json\/wp\/v2\/product"}],"about":[{"href":"https:\/\/bewatchmaker.com\/de\/wp-json\/wp\/v2\/types\/product"}],"wp:featuredmedia":[{"embeddable":true,"href":"https:\/\/bewatchmaker.com\/de\/wp-json\/wp\/v2\/media\/13248"}],"wp:attachment":[{"href":"https:\/\/bewatchmaker.com\/de\/wp-json\/wp\/v2\/media?parent=13344"}],"wp:term":[{"taxonomy":"product_brand","embeddable":true,"href":"https:\/\/bewatchmaker.com\/de\/wp-json\/wp\/v2\/product_brand?post=13344"},{"taxonomy":"product_cat","embeddable":true,"href":"https:\/\/bewatchmaker.com\/de\/wp-json\/wp\/v2\/product_cat?post=13344"},{"taxonomy":"product_tag","embeddable":true,"href":"https:\/\/bewatchmaker.com\/de\/wp-json\/wp\/v2\/product_tag?post=13344"}],"curies":[{"name":"wp","href":"https:\/\/api.w.org\/{rel}","templated":true}]}}