{"id":13351,"date":"2024-11-15T21:07:19","date_gmt":"2024-11-15T20:07:19","guid":{"rendered":"http:\/\/bewatchmaker.com\/produit\/primordial\/"},"modified":"2024-12-10T10:03:34","modified_gmt":"2024-12-10T09:03:34","slug":"primordial","status":"publish","type":"product","link":"https:\/\/bewatchmaker.com\/de\/produit\/primordial\/","title":{"rendered":"Primordial"},"content":{"rendered":"\n<p>Primordial ist unser erstes Modell.\nEr ist in erster Linie eine pers\u00f6nliche Wahl, die den Stil und die Farbcodes der Marke definiert.\nEr ist in einer einfarbigen Version aus Stahl mit abwechselnd polierten und satinierten Oberfl\u00e4chen erh\u00e4ltlich.  <\/p>\n\n<p>Das Zifferblatt aus Genfer Streifen war eine Selbstverst\u00e4ndlichkeit.\nDie Luminova der Zeiger und Indizes ist hellblau und macht diese Uhr zu einem Muss, wenn das Licht knapp ist.\nEine moderne Uhr, ganz einfach, unser erster Favorit.  <\/p>\n\n<p>Das schwarze Lederarmband unterstreicht die Identit\u00e4t von Bewatchmaker und verleiht dem Look dieses Zeitmessers den letzten Schliff.<\/p>\n\n<p>Dieses Modell ist mit dem Kaliber BW01 ausgestattet, das in grau oder schwarz erh\u00e4ltlich ist. Es handelt sich um ein mechanisches Schweizer Uhrwerk, dessen Verzierungen so bearbeitet wurden, dass jedes Detail des Zeitmessers hervorgehoben wird und die Pr\u00e4senz der Rubine betont wird.<\/p>\n","protected":false},"excerpt":{"rendered":"<p>die Gr\u00fcnderuhr von BeWatchmaker.<br \/>\nSein schlichtes Design und die sorgf\u00e4ltige Verarbeitung verk\u00f6rpern die moderne und k\u00fchne Vision der Marke. <\/p>\n","protected":false},"featured_media":13252,"template":"","meta":{"_acf_changed":false,"_seopress_robots_primary_cat":"none","_seopress_titles_title":"","_seopress_titles_desc":"","_seopress_robots_index":""},"product_brand":[],"product_cat":[192],"product_tag":[181],"class_list":{"0":"post-13351","1":"product","2":"type-product","3":"status-publish","4":"has-post-thumbnail","6":"product_cat-heritage-de","7":"product_tag-uhrwerk-bw01","8":"sales-flash-overlay","9":"woocommerce-text-align-center","10":"woocommerce-image-align-center","11":"wc-has-gallery","13":"first","14":"instock","15":"taxable","16":"shipping-taxable","17":"purchasable","18":"product-type-simple"},"acf":[],"_links":{"self":[{"href":"https:\/\/bewatchmaker.com\/de\/wp-json\/wp\/v2\/product\/13351","targetHints":{"allow":["GET"]}}],"collection":[{"href":"https:\/\/bewatchmaker.com\/de\/wp-json\/wp\/v2\/product"}],"about":[{"href":"https:\/\/bewatchmaker.com\/de\/wp-json\/wp\/v2\/types\/product"}],"wp:featuredmedia":[{"embeddable":true,"href":"https:\/\/bewatchmaker.com\/de\/wp-json\/wp\/v2\/media\/13252"}],"wp:attachment":[{"href":"https:\/\/bewatchmaker.com\/de\/wp-json\/wp\/v2\/media?parent=13351"}],"wp:term":[{"taxonomy":"product_brand","embeddable":true,"href":"https:\/\/bewatchmaker.com\/de\/wp-json\/wp\/v2\/product_brand?post=13351"},{"taxonomy":"product_cat","embeddable":true,"href":"https:\/\/bewatchmaker.com\/de\/wp-json\/wp\/v2\/product_cat?post=13351"},{"taxonomy":"product_tag","embeddable":true,"href":"https:\/\/bewatchmaker.com\/de\/wp-json\/wp\/v2\/product_tag?post=13351"}],"curies":[{"name":"wp","href":"https:\/\/api.w.org\/{rel}","templated":true}]}}