{"id":13364,"date":"2024-11-17T15:46:13","date_gmt":"2024-11-17T14:46:13","guid":{"rendered":"http:\/\/bewatchmaker.com\/produit\/legacy-004\/"},"modified":"2024-12-10T10:02:35","modified_gmt":"2024-12-10T09:02:35","slug":"legacy-004","status":"publish","type":"product","link":"https:\/\/bewatchmaker.com\/de\/produit\/legacy-004\/","title":{"rendered":"Legacy 004"},"content":{"rendered":"\n<p>Die Legacy, das zweite Modell von Bewatchmaker, folgt dem Trend der hohen Uhrmacherkunst der 80er Jahre und ist einfarbig in Ros\u00e9gold mit einer polierten Oberfl\u00e4che erh\u00e4ltlich.<\/p>\n\n<p>Das guillochierte Zifferblatt ist ein Klassiker, den man in seiner Sammlung haben sollte.\nAlles an dieser Uhr wurde so gestaltet, dass es den Codes der Haute Horlogerie des 20. Jahrhunderts entspricht: r\u00f6mische Ziffern, durchbrochene Blattzeiger.\nDiese Uhr soll auch die am einfachsten zu montierende unserer St\u00fccke sein.\nDie durchbrochenen Zeiger erm\u00f6glichen eine einfache Handhabung und die Gr\u00f6\u00dfe des Zifferblattes sorgt f\u00fcr eine einfache Handhabung.   <\/p>\n\n<p>Das Lederarmband entspricht perfekt den traditionellen Codes und verleiht dem Look dieses St\u00fccks den letzten Schliff.<\/p>\n\n<p>Dieses Modell ist mit dem Kaliber BW01 ausgestattet, das in grau oder schwarz erh\u00e4ltlich ist. Es handelt sich um ein mechanisches Schweizer Uhrwerk, dessen Verzierungen so bearbeitet wurden, dass jedes Detail des Zeitmessers hervorgehoben wird und die Pr\u00e4senz der Rubine betont wird.<\/p>\n","protected":false},"excerpt":{"rendered":"<p>Eine Uhr, die so konzipiert ist, dass sie die klassischen Codes des 20. Jahrhunderts respektiert.<br \/>\nDas guillochierte Zifferblatt und die durchbrochenen Zeiger machen diese Uhr zu einem raffinierten und erschwinglichen St\u00fcck. <\/p>\n","protected":false},"featured_media":13273,"template":"","meta":{"_acf_changed":false,"_seopress_robots_primary_cat":"none","_seopress_titles_title":"","_seopress_titles_desc":"","_seopress_robots_index":""},"product_brand":[],"product_cat":[192],"product_tag":[181],"class_list":{"0":"post-13364","1":"product","2":"type-product","3":"status-publish","4":"has-post-thumbnail","6":"product_cat-heritage-de","7":"product_tag-uhrwerk-bw01","8":"sales-flash-overlay","9":"woocommerce-text-align-center","10":"woocommerce-image-align-center","12":"first","13":"instock","14":"taxable","15":"shipping-taxable","16":"purchasable","17":"product-type-simple"},"acf":[],"_links":{"self":[{"href":"https:\/\/bewatchmaker.com\/de\/wp-json\/wp\/v2\/product\/13364","targetHints":{"allow":["GET"]}}],"collection":[{"href":"https:\/\/bewatchmaker.com\/de\/wp-json\/wp\/v2\/product"}],"about":[{"href":"https:\/\/bewatchmaker.com\/de\/wp-json\/wp\/v2\/types\/product"}],"wp:featuredmedia":[{"embeddable":true,"href":"https:\/\/bewatchmaker.com\/de\/wp-json\/wp\/v2\/media\/13273"}],"wp:attachment":[{"href":"https:\/\/bewatchmaker.com\/de\/wp-json\/wp\/v2\/media?parent=13364"}],"wp:term":[{"taxonomy":"product_brand","embeddable":true,"href":"https:\/\/bewatchmaker.com\/de\/wp-json\/wp\/v2\/product_brand?post=13364"},{"taxonomy":"product_cat","embeddable":true,"href":"https:\/\/bewatchmaker.com\/de\/wp-json\/wp\/v2\/product_cat?post=13364"},{"taxonomy":"product_tag","embeddable":true,"href":"https:\/\/bewatchmaker.com\/de\/wp-json\/wp\/v2\/product_tag?post=13364"}],"curies":[{"name":"wp","href":"https:\/\/api.w.org\/{rel}","templated":true}]}}