{"id":10838,"date":"2023-02-15T13:56:34","date_gmt":"2023-02-15T12:56:34","guid":{"rendered":"http:\/\/bewatchmaker.com\/modelos\/"},"modified":"2024-12-03T11:09:03","modified_gmt":"2024-12-03T10:09:03","slug":"modelos","status":"publish","type":"page","link":"https:\/\/bewatchmaker.com\/es\/modelos\/","title":{"rendered":"Configura tu reloj"},"content":{"rendered":"<div class=\"gb-container gb-container-0c72a579\">\n<div class=\"gb-container gb-container-9e4f18e7 gb-container-default\">\n<div class=\"gb-grid-wrapper gb-grid-wrapper-cafbb94f\">\n<div class=\"gb-grid-column gb-grid-column-e2d1b2c7\"><div class=\"gb-container gb-container-e2d1b2c7\"><div class=\"gb-inside-container\">\n\n<h1 id=\"configura-tu-mismo-tu-reloj\" class=\"gb-headline gb-headline-394d9565 gb-headline-text\">Configura t\u00fa mismo tu reloj.<\/h1>\n\n<\/div><\/div><\/div>\n\n<div class=\"gb-grid-column gb-grid-column-3874a00b\"><div class=\"gb-container gb-container-3874a00b\"><div class=\"gb-inside-container\">\n\n<div class=\"gb-headline gb-headline-0af46f7b gb-headline-text gb-headline-header-text\">Si te sientes creativo, adem\u00e1s de nuestras colecciones de dise\u00f1os, tambi\u00e9n puedes <strong>elegir entre uno de nuestros 3 modelos configurables<\/strong> para crear el reloj que m\u00e1s te convenga.<\/div>\n\n<\/div><\/div><\/div>\n<\/div>\n<\/div>\n<\/div><div class=\"gb-container gb-container-0bf56956\">\n\n<div class=\"gb-grid-wrapper gb-grid-wrapper-34be3b07 gb-query-loop-wrapper\" id=\"modeles\">\n<div class=\"gb-grid-column gb-grid-column-b6c32116 gb-query-loop-item post-10943 product type-product status-publish has-post-thumbnail product_cat-configurable-es sales-flash-overlay woocommerce-text-align-center woocommerce-image-align-center first instock taxable shipping-taxable purchasable product-type-variable has-default-attributes rtwpvg-product\"><a class=\"gb-container gb-container-b6c32116\" href=\"https:\/\/bewatchmaker.com\/es\/produit\/aeon\/\">\n<div class=\"gb-container gb-container-e06b58ac home-image\">\n<figure class=\"gb-block-image gb-block-image-86463e12\"><img loading=\"lazy\" decoding=\"async\" width=\"1024\" height=\"768\" src=\"https:\/\/bewatchmaker.com\/wp-content\/uploads\/2023\/02\/alpha-1024x768.jpg\" class=\"gb-image-86463e12 modele-product-image\" alt=\"\" srcset=\"https:\/\/bewatchmaker.com\/wp-content\/uploads\/2023\/02\/alpha-1024x768.jpg 1024w, https:\/\/bewatchmaker.com\/wp-content\/uploads\/2023\/02\/alpha-600x450.jpg 600w, https:\/\/bewatchmaker.com\/wp-content\/uploads\/2023\/02\/alpha-300x225.jpg 300w, https:\/\/bewatchmaker.com\/wp-content\/uploads\/2023\/02\/alpha-800x600.jpg 800w, https:\/\/bewatchmaker.com\/wp-content\/uploads\/2023\/02\/alpha-150x113.jpg 150w, https:\/\/bewatchmaker.com\/wp-content\/uploads\/2023\/02\/alpha-768x576.jpg 768w, https:\/\/bewatchmaker.com\/wp-content\/uploads\/2023\/02\/alpha-1536x1152.jpg 1536w, https:\/\/bewatchmaker.com\/wp-content\/uploads\/2023\/02\/alpha.jpg 2000w\" sizes=\"auto, (max-width: 1024px) 100vw, 1024px\" \/><\/figure>\n<\/div>\n\n<div class=\"gb-container gb-container-97c16df2 right-column gb-container-default\" style=\"--background-image: url(https:\/\/bewatchmaker.com\/wp-content\/uploads\/2023\/02\/alpha.jpg);\">\n<div class=\"gb-container gb-container-80d9463b\">\n\n<div class=\"gb-headline gb-headline-98117fef gb-headline-text\"><\/div>\n\n\n<div class=\"gb-headline gb-headline-83136cc2 gb-headline-text gb-headline-pre-heading\">Kit Alpha<\/div>\n\n<h2 class=\"gb-headline gb-headline-89701049 gb-headline-text\">Aeon<\/h2>\n\n<div class=\"gb-headline gb-headline-f07c8ba6 short-description gb-headline-text\"><p>Descubra la uni\u00f3n perfecta entre modernismo y clasicismo con nuestro reloj mec\u00e1nico de esfera guilloch\u00e9 y agujas caladas.<\/p><\/div>\n\n<div class=\"gb-headline gb-headline-1e22b7f7 short-description gb-headline-text\"><ul>\n<li>Di\u00e1metro de la caja: 44 mm<\/li>\n<li>Cristal de zafiro, trasera de cristal mineral<\/li>\n<li>Pulsera: 22 mm<\/li>\n<li>Movimiento : DB6<\/li>\n<li>3 agujas, segundero peque\u00f1o a las 6<\/li>\n<li>Bobinado manual sin complicaciones<\/li>\n<\/ul>\n<\/div>\n\n<div class=\"gb-container gb-container-b82e71f8\">\n\n<span class=\"gb-button gb-button-7baddf1d gb-button-primary-new\"><span class=\"gb-button-text\">Configurar este modelo<\/span><span class=\"gb-icon\"><svg xmlns=\"http:\/\/www.w3.org\/2000\/svg\" viewbox=\"0 0 28 17\" height=\"17\" width=\"28\">\n<path d=\"M18.1671 7.08606L14.6214 1.07683C14.4265 0.746909 14.463 0.457993 14.7311 0.210082C14.9991 -0.0368854 15.3037 -0.0661041 15.6449 0.12242L27.3055 7.29815C27.7685 7.58094 28 7.98156 28 8.5C28 9.01845 27.7685 9.41906 27.3055 9.70185L15.6449 16.8776C15.3037 17.0661 14.9991 17.0369 14.7311 16.7899C14.463 16.542 14.4265 16.2531 14.6214 15.9232L18.1671 9.91394L1.46214 9.91394C1.04787 9.91394 0.700852 9.77867 0.421096 9.50814C0.140364 9.23666 -1.19928e-06 8.90061 -1.16426e-06 8.5C-1.12923e-06 8.09938 0.140365 7.76381 0.421096 7.49328C0.700852 7.2218 1.04787 7.08606 1.46214 7.08606L18.1671 7.08606Z\"><\/path>\n<\/svg><\/span><\/span>\n\n<\/div>\n<\/div>\n<\/div>\n<\/a><\/div>\n\n<div class=\"gb-grid-column gb-grid-column-b6c32116 gb-query-loop-item post-10741 product type-product status-publish has-post-thumbnail product_cat-configurable-es sales-flash-overlay woocommerce-text-align-center woocommerce-image-align-center  instock taxable shipping-taxable purchasable product-type-variable has-default-attributes rtwpvg-product\"><a class=\"gb-container gb-container-b6c32116\" href=\"https:\/\/bewatchmaker.com\/es\/produit\/perpetua\/\">\n<div class=\"gb-container gb-container-e06b58ac home-image\">\n<figure class=\"gb-block-image gb-block-image-86463e12\"><img loading=\"lazy\" decoding=\"async\" width=\"1024\" height=\"768\" src=\"https:\/\/bewatchmaker.com\/wp-content\/uploads\/2023\/02\/delta-1024x768.jpg\" class=\"gb-image-86463e12 modele-product-image\" alt=\"\" srcset=\"https:\/\/bewatchmaker.com\/wp-content\/uploads\/2023\/02\/delta-1024x768.jpg 1024w, https:\/\/bewatchmaker.com\/wp-content\/uploads\/2023\/02\/delta-600x450.jpg 600w, https:\/\/bewatchmaker.com\/wp-content\/uploads\/2023\/02\/delta-300x225.jpg 300w, https:\/\/bewatchmaker.com\/wp-content\/uploads\/2023\/02\/delta-800x600.jpg 800w, https:\/\/bewatchmaker.com\/wp-content\/uploads\/2023\/02\/delta-150x113.jpg 150w, https:\/\/bewatchmaker.com\/wp-content\/uploads\/2023\/02\/delta-768x576.jpg 768w, https:\/\/bewatchmaker.com\/wp-content\/uploads\/2023\/02\/delta-1536x1152.jpg 1536w, https:\/\/bewatchmaker.com\/wp-content\/uploads\/2023\/02\/delta.jpg 2000w\" sizes=\"auto, (max-width: 1024px) 100vw, 1024px\" \/><\/figure>\n<\/div>\n\n<div class=\"gb-container gb-container-97c16df2 right-column gb-container-default\" style=\"--background-image: url(https:\/\/bewatchmaker.com\/wp-content\/uploads\/2023\/02\/delta.jpg);\">\n<div class=\"gb-container gb-container-80d9463b\">\n\n<div class=\"gb-headline gb-headline-98117fef gb-headline-text\"><\/div>\n\n\n<div class=\"gb-headline gb-headline-83136cc2 gb-headline-text gb-headline-pre-heading\">Kit Delta<\/div>\n\n<h2 class=\"gb-headline gb-headline-89701049 gb-headline-text\">Perpetua<\/h2>\n\n<div class=\"gb-headline gb-headline-f07c8ba6 short-description gb-headline-text\"><p>Descubra la esencia de la relojer\u00eda: un reloj autom\u00e1tico con esfera calada que revela la magia del mecanismo de puesta en hora.<\/p><\/div>\n\n<div class=\"gb-headline gb-headline-1e22b7f7 short-description gb-headline-text\"><ul>\n<li>Di\u00e1metro de la caja: 42 mm<\/li>\n<li>Cristal de zafiro, trasera de cristal mineral<\/li>\n<li>Correa: 21 mm<\/li>\n<li>Movimiento: SW200<\/li>\n<li>3 agujas, con segundero central<\/li>\n<li>De cuerda mec\u00e1nica, con 2 complicaciones adicionales: cuerda autom\u00e1tica y calendario simple<\/li>\n<\/ul>\n<\/div>\n\n<div class=\"gb-container gb-container-b82e71f8\">\n\n<span class=\"gb-button gb-button-7baddf1d gb-button-primary-new\"><span class=\"gb-button-text\">Configurar este modelo<\/span><span class=\"gb-icon\"><svg xmlns=\"http:\/\/www.w3.org\/2000\/svg\" viewbox=\"0 0 28 17\" height=\"17\" width=\"28\">\n<path d=\"M18.1671 7.08606L14.6214 1.07683C14.4265 0.746909 14.463 0.457993 14.7311 0.210082C14.9991 -0.0368854 15.3037 -0.0661041 15.6449 0.12242L27.3055 7.29815C27.7685 7.58094 28 7.98156 28 8.5C28 9.01845 27.7685 9.41906 27.3055 9.70185L15.6449 16.8776C15.3037 17.0661 14.9991 17.0369 14.7311 16.7899C14.463 16.542 14.4265 16.2531 14.6214 15.9232L18.1671 9.91394L1.46214 9.91394C1.04787 9.91394 0.700852 9.77867 0.421096 9.50814C0.140364 9.23666 -1.19928e-06 8.90061 -1.16426e-06 8.5C-1.12923e-06 8.09938 0.140365 7.76381 0.421096 7.49328C0.700852 7.2218 1.04787 7.08606 1.46214 7.08606L18.1671 7.08606Z\"><\/path>\n<\/svg><\/span><\/span>\n\n<\/div>\n<\/div>\n<\/div>\n<\/a><\/div>\n\n<div class=\"gb-grid-column gb-grid-column-b6c32116 gb-query-loop-item post-11052 product type-product status-publish has-post-thumbnail product_cat-configurable-es sales-flash-overlay woocommerce-text-align-center woocommerce-image-align-center  instock taxable shipping-taxable purchasable product-type-variable has-default-attributes rtwpvg-product\"><a class=\"gb-container gb-container-b6c32116\" href=\"https:\/\/bewatchmaker.com\/es\/produit\/tempore\/\">\n<div class=\"gb-container gb-container-e06b58ac home-image\">\n<figure class=\"gb-block-image gb-block-image-86463e12\"><img loading=\"lazy\" decoding=\"async\" width=\"1024\" height=\"768\" src=\"https:\/\/bewatchmaker.com\/wp-content\/uploads\/2023\/02\/beta-1024x768.jpg\" class=\"gb-image-86463e12 modele-product-image\" alt=\"\" srcset=\"https:\/\/bewatchmaker.com\/wp-content\/uploads\/2023\/02\/beta-1024x768.jpg 1024w, https:\/\/bewatchmaker.com\/wp-content\/uploads\/2023\/02\/beta-600x450.jpg 600w, https:\/\/bewatchmaker.com\/wp-content\/uploads\/2023\/02\/beta-300x225.jpg 300w, https:\/\/bewatchmaker.com\/wp-content\/uploads\/2023\/02\/beta-800x600.jpg 800w, https:\/\/bewatchmaker.com\/wp-content\/uploads\/2023\/02\/beta-150x113.jpg 150w, https:\/\/bewatchmaker.com\/wp-content\/uploads\/2023\/02\/beta-768x576.jpg 768w, https:\/\/bewatchmaker.com\/wp-content\/uploads\/2023\/02\/beta-1536x1152.jpg 1536w, https:\/\/bewatchmaker.com\/wp-content\/uploads\/2023\/02\/beta.jpg 2000w\" sizes=\"auto, (max-width: 1024px) 100vw, 1024px\" \/><\/figure>\n<\/div>\n\n<div class=\"gb-container gb-container-97c16df2 right-column gb-container-default\" style=\"--background-image: url(https:\/\/bewatchmaker.com\/wp-content\/uploads\/2023\/02\/beta.jpg);\">\n<div class=\"gb-container gb-container-80d9463b\">\n\n<div class=\"gb-headline gb-headline-98117fef gb-headline-text\"><\/div>\n\n\n<div class=\"gb-headline gb-headline-83136cc2 gb-headline-text gb-headline-pre-heading\">Kit Beta<\/div>\n\n<h2 class=\"gb-headline gb-headline-89701049 gb-headline-text\">Tempore<\/h2>\n\n<div class=\"gb-headline gb-headline-f07c8ba6 short-description gb-headline-text\"><p>Personalice cada detalle, desde la moderna esfera con C\u00f4tes de Gen\u00e8ve hasta el encanto de las agujas catedral, para conseguir un reloj que refleje su personalidad.<\/p><\/div>\n\n<div class=\"gb-headline gb-headline-1e22b7f7 short-description gb-headline-text\"><ul>\n<li>Di\u00e1metro de la caja: 44 mm<\/li>\n<li>Cristal de zafiro, trasera de cristal mineral<\/li>\n<li>Pulsera: 22 mm<\/li>\n<li>Movimiento : DB6<\/li>\n<li>3 agujas, segundero peque\u00f1o a las 6<\/li>\n<li>Bobinado manual sin complicaciones<\/li>\n<\/ul>\n<\/div>\n\n<div class=\"gb-container gb-container-b82e71f8\">\n\n<span class=\"gb-button gb-button-7baddf1d gb-button-primary-new\"><span class=\"gb-button-text\">Configurar este modelo<\/span><span class=\"gb-icon\"><svg xmlns=\"http:\/\/www.w3.org\/2000\/svg\" viewbox=\"0 0 28 17\" height=\"17\" width=\"28\">\n<path d=\"M18.1671 7.08606L14.6214 1.07683C14.4265 0.746909 14.463 0.457993 14.7311 0.210082C14.9991 -0.0368854 15.3037 -0.0661041 15.6449 0.12242L27.3055 7.29815C27.7685 7.58094 28 7.98156 28 8.5C28 9.01845 27.7685 9.41906 27.3055 9.70185L15.6449 16.8776C15.3037 17.0661 14.9991 17.0369 14.7311 16.7899C14.463 16.542 14.4265 16.2531 14.6214 15.9232L18.1671 9.91394L1.46214 9.91394C1.04787 9.91394 0.700852 9.77867 0.421096 9.50814C0.140364 9.23666 -1.19928e-06 8.90061 -1.16426e-06 8.5C-1.12923e-06 8.09938 0.140365 7.76381 0.421096 7.49328C0.700852 7.2218 1.04787 7.08606 1.46214 7.08606L18.1671 7.08606Z\"><\/path>\n<\/svg><\/span><\/span>\n\n<\/div>\n<\/div>\n<\/div>\n<\/a><\/div>\n<\/div>\n\n<\/div><div class=\"gb-container gb-container-78d46f5c\">\n<div class=\"gb-container gb-container-f9bc3b80 gb-container-default\">\n\n<h3 id=\"preguntas-frecuentes-sobre-nuestros-modelos\" class=\"gb-headline gb-headline-a96ae75d gb-headline-text gb-headline-pre-heading\">Preguntas frecuentes sobre nuestros modelos<\/h3>\n\n\n\n<h2 id=\"algunas-explicaciones-tecnicas\" class=\"gb-headline gb-headline-5ae21b50 gb-headline-text\">Algunas explicaciones t\u00e9cnicas<\/h2>\n\n\n<div class=\"gb-container gb-container-fb7f9c29 gb-accordion\" data-accordion-multiple-open>\n<div class=\"gb-container gb-container-32a5a5d7 gb-accordion__item\" data-transition=\"slide\">\n\n<button class=\"gb-button gb-button-f4a6e2e6 gb-accordion__toggle\" id=\"gb-accordion-toggle-f4a6e2e6\"><span class=\"gb-button-text\">\u00bfQu\u00e9 es un reloj mec\u00e1nico?<\/span><span class=\"gb-icon\"><svg xmlns=\"http:\/\/www.w3.org\/2000\/svg\" viewbox=\"0 0 448 512\" width=\"1em\" height=\"1em\" ariahidden=\"true\" role=\"img\" class=\"gb-accordion__icon\"><path d=\"M416 208H272V64c0-17.67-14.33-32-32-32h-32c-17.67 0-32 14.33-32 32v144H32c-17.67 0-32 14.33-32 32v32c0 17.67 14.33 32 32 32h144v144c0 17.67 14.33 32 32 32h32c17.67 0 32-14.33 32-32V304h144c17.67 0 32-14.33 32-32v-32c0-17.67-14.33-32-32-32z\" fill=\"currentColor\"><\/path><\/svg><svg xmlns=\"http:\/\/www.w3.org\/2000\/svg\" viewbox=\"0 0 448 512\" width=\"1em\" height=\"1em\" ariahidden=\"true\" role=\"img\" class=\"gb-accordion__icon-open\"><path d=\"M416 208H32c-17.67 0-32 14.33-32 32v32c0 17.67 14.33 32 32 32h384c17.67 0 32-14.33 32-32v-32c0-17.67-14.33-32-32-32z\" fill=\"currentColor\"><\/path><\/svg><\/span><\/button>\n\n\n<div id=\"gb-accordion-content-71606ce7\" class=\"gb-accordion__content\"><div class=\"gb-container gb-container-71606ce7\">\n\n<div class=\"gb-headline gb-headline-d2faa849 gb-headline-text\">Un reloj mec\u00e1nico es un tipo de reloj que funciona sin pilas ni componentes electr\u00f3nicos. Est\u00e1 hecho enteramente de piezas mec\u00e1nicas, s\u00edmbolo de la capacidad del hombre para dominar el tiempo desde hace varios siglos.<\/div>\n\n<\/div><\/div>\n<\/div>\n\n<div class=\"gb-container gb-container-4a452c04 gb-accordion__item\" data-transition=\"slide\">\n\n<button class=\"gb-button gb-button-c34067b6 gb-accordion__toggle\" id=\"gb-accordion-toggle-c34067b6\"><span class=\"gb-button-text\">\u00bfQu\u00e9 es una complicaci\u00f3n?<\/span><span class=\"gb-icon\"><svg xmlns=\"http:\/\/www.w3.org\/2000\/svg\" viewbox=\"0 0 448 512\" width=\"1em\" height=\"1em\" ariahidden=\"true\" role=\"img\" class=\"gb-accordion__icon\"><path d=\"M416 208H272V64c0-17.67-14.33-32-32-32h-32c-17.67 0-32 14.33-32 32v144H32c-17.67 0-32 14.33-32 32v32c0 17.67 14.33 32 32 32h144v144c0 17.67 14.33 32 32 32h32c17.67 0 32-14.33 32-32V304h144c17.67 0 32-14.33 32-32v-32c0-17.67-14.33-32-32-32z\" fill=\"currentColor\"><\/path><\/svg><svg xmlns=\"http:\/\/www.w3.org\/2000\/svg\" viewbox=\"0 0 448 512\" width=\"1em\" height=\"1em\" ariahidden=\"true\" role=\"img\" class=\"gb-accordion__icon-open\"><path d=\"M416 208H32c-17.67 0-32 14.33-32 32v32c0 17.67 14.33 32 32 32h384c17.67 0 32-14.33 32-32v-32c0-17.67-14.33-32-32-32z\" fill=\"currentColor\"><\/path><\/svg><\/span><\/button>\n\n\n<div id=\"gb-accordion-content-bf4b6a4a\" class=\"gb-accordion__content\"><div class=\"gb-container gb-container-bf4b6a4a\">\n\n<div class=\"gb-headline gb-headline-54a4f6cc gb-headline-text\">Una complicaci\u00f3n es un mecanismo adicional integrado en el reloj que le permite ofrecer una funci\u00f3n o indicaci\u00f3n adicional.<\/div>\n\n<\/div><\/div>\n<\/div>\n\n<div class=\"gb-container gb-container-17f84b7c gb-accordion__item\" data-transition=\"slide\">\n\n<button class=\"gb-button gb-button-52db4191 gb-accordion__toggle\" id=\"gb-accordion-toggle-52db4191\"><span class=\"gb-button-text\">\u00bfQu\u00e9 es una cita?<\/span><span class=\"gb-icon\"><svg xmlns=\"http:\/\/www.w3.org\/2000\/svg\" viewbox=\"0 0 448 512\" width=\"1em\" height=\"1em\" ariahidden=\"true\" role=\"img\" class=\"gb-accordion__icon\"><path d=\"M416 208H272V64c0-17.67-14.33-32-32-32h-32c-17.67 0-32 14.33-32 32v144H32c-17.67 0-32 14.33-32 32v32c0 17.67 14.33 32 32 32h144v144c0 17.67 14.33 32 32 32h32c17.67 0 32-14.33 32-32V304h144c17.67 0 32-14.33 32-32v-32c0-17.67-14.33-32-32-32z\" fill=\"currentColor\"><\/path><\/svg><svg xmlns=\"http:\/\/www.w3.org\/2000\/svg\" viewbox=\"0 0 448 512\" width=\"1em\" height=\"1em\" ariahidden=\"true\" role=\"img\" class=\"gb-accordion__icon-open\"><path d=\"M416 208H32c-17.67 0-32 14.33-32 32v32c0 17.67 14.33 32 32 32h384c17.67 0 32-14.33 32-32v-32c0-17.67-14.33-32-32-32z\" fill=\"currentColor\"><\/path><\/svg><\/span><\/button>\n\n\n<div id=\"gb-accordion-content-358f1ff6\" class=\"gb-accordion__content\"><div class=\"gb-container gb-container-358f1ff6\">\n\n<div class=\"gb-headline gb-headline-94224455 gb-headline-text\">El calendario indica el d\u00eda del mes en la esfera. Un calendario \u00absimple\u00bb no tendr\u00e1 en cuenta los meses con menos de 31 d\u00edas y requerir\u00e1 una correcci\u00f3n por su parte.<\/div>\n\n<\/div><\/div>\n<\/div>\n\n<div class=\"gb-container gb-container-b421aa33 gb-accordion__item\" data-transition=\"slide\">\n\n<button class=\"gb-button gb-button-d8a3d8b4 gb-accordion__toggle\" id=\"gb-accordion-toggle-d8a3d8b4\"><span class=\"gb-button-text\">\u00bfQu\u00e9 es el bobinado autom\u00e1tico?<\/span><span class=\"gb-icon\"><svg xmlns=\"http:\/\/www.w3.org\/2000\/svg\" viewbox=\"0 0 448 512\" width=\"1em\" height=\"1em\" ariahidden=\"true\" role=\"img\" class=\"gb-accordion__icon\"><path d=\"M416 208H272V64c0-17.67-14.33-32-32-32h-32c-17.67 0-32 14.33-32 32v144H32c-17.67 0-32 14.33-32 32v32c0 17.67 14.33 32 32 32h144v144c0 17.67 14.33 32 32 32h32c17.67 0 32-14.33 32-32V304h144c17.67 0 32-14.33 32-32v-32c0-17.67-14.33-32-32-32z\" fill=\"currentColor\"><\/path><\/svg><svg xmlns=\"http:\/\/www.w3.org\/2000\/svg\" viewbox=\"0 0 448 512\" width=\"1em\" height=\"1em\" ariahidden=\"true\" role=\"img\" class=\"gb-accordion__icon-open\"><path d=\"M416 208H32c-17.67 0-32 14.33-32 32v32c0 17.67 14.33 32 32 32h384c17.67 0 32-14.33 32-32v-32c0-17.67-14.33-32-32-32z\" fill=\"currentColor\"><\/path><\/svg><\/span><\/button>\n\n\n<div id=\"gb-accordion-content-11dee120\" class=\"gb-accordion__content\"><div class=\"gb-container gb-container-11dee120\">\n\n<div class=\"gb-headline gb-headline-3530465d gb-headline-text\">La cuerda autom\u00e1tica es una complicaci\u00f3n que permite dar cuerda al reloj mediante los movimientos de la mu\u00f1eca del usuario.<\/div>\n\n<\/div><\/div>\n<\/div>\n\n<div class=\"gb-container gb-container-618c4a8c gb-accordion__item\" data-transition=\"slide\">\n\n<button class=\"gb-button gb-button-4a8c1069 gb-accordion__toggle\" id=\"gb-accordion-toggle-4a8c1069\"><span class=\"gb-button-text\">\u00bfQu\u00e9 es la corona de un reloj?<\/span><span class=\"gb-icon\"><svg xmlns=\"http:\/\/www.w3.org\/2000\/svg\" viewbox=\"0 0 448 512\" width=\"1em\" height=\"1em\" ariahidden=\"true\" role=\"img\" class=\"gb-accordion__icon\"><path d=\"M416 208H272V64c0-17.67-14.33-32-32-32h-32c-17.67 0-32 14.33-32 32v144H32c-17.67 0-32 14.33-32 32v32c0 17.67 14.33 32 32 32h144v144c0 17.67 14.33 32 32 32h32c17.67 0 32-14.33 32-32V304h144c17.67 0 32-14.33 32-32v-32c0-17.67-14.33-32-32-32z\" fill=\"currentColor\"><\/path><\/svg><svg xmlns=\"http:\/\/www.w3.org\/2000\/svg\" viewbox=\"0 0 448 512\" width=\"1em\" height=\"1em\" ariahidden=\"true\" role=\"img\" class=\"gb-accordion__icon-open\"><path d=\"M416 208H32c-17.67 0-32 14.33-32 32v32c0 17.67 14.33 32 32 32h384c17.67 0 32-14.33 32-32v-32c0-17.67-14.33-32-32-32z\" fill=\"currentColor\"><\/path><\/svg><\/span><\/button>\n\n\n<div id=\"gb-accordion-content-b04b633b\" class=\"gb-accordion__content\"><div class=\"gb-container gb-container-b04b633b\">\n\n<div class=\"gb-headline gb-headline-45ee035e gb-headline-text\">La corona es el elemento que permite al usuario ajustar y dar cuerda al reloj. Una corona \u00abatornillada\u00bb proporciona un mecanismo de bloqueo para aumentar la estanqueidad.<\/div>\n\n<\/div><\/div>\n<\/div>\n\n<div class=\"gb-container gb-container-0d838679 gb-accordion__item\" data-transition=\"slide\">\n\n<button class=\"gb-button gb-button-0d7b26e2 gb-accordion__toggle\" id=\"gb-accordion-toggle-0d7b26e2\"><span class=\"gb-button-text\">\u00bfQu\u00e9 es la caja de un reloj?<\/span><span class=\"gb-icon\"><svg xmlns=\"http:\/\/www.w3.org\/2000\/svg\" viewbox=\"0 0 448 512\" width=\"1em\" height=\"1em\" ariahidden=\"true\" role=\"img\" class=\"gb-accordion__icon\"><path d=\"M416 208H272V64c0-17.67-14.33-32-32-32h-32c-17.67 0-32 14.33-32 32v144H32c-17.67 0-32 14.33-32 32v32c0 17.67 14.33 32 32 32h144v144c0 17.67 14.33 32 32 32h32c17.67 0 32-14.33 32-32V304h144c17.67 0 32-14.33 32-32v-32c0-17.67-14.33-32-32-32z\" fill=\"currentColor\"><\/path><\/svg><svg xmlns=\"http:\/\/www.w3.org\/2000\/svg\" viewbox=\"0 0 448 512\" width=\"1em\" height=\"1em\" ariahidden=\"true\" role=\"img\" class=\"gb-accordion__icon-open\"><path d=\"M416 208H32c-17.67 0-32 14.33-32 32v32c0 17.67 14.33 32 32 32h384c17.67 0 32-14.33 32-32v-32c0-17.67-14.33-32-32-32z\" fill=\"currentColor\"><\/path><\/svg><\/span><\/button>\n\n\n<div id=\"gb-accordion-content-b9dc498f\" class=\"gb-accordion__content\"><div class=\"gb-container gb-container-b9dc498f\">\n\n<div class=\"gb-headline gb-headline-f6a174de gb-headline-text\">El centro de la caja protege el movimiento, las agujas y la esfera del entorno exterior. Es la parte m\u00e1s importante del reloj, que define su atractivo est\u00e9tico y la comodidad para el usuario.<\/div>\n\n<\/div><\/div>\n<\/div>\n\n<div class=\"gb-container gb-container-93368b91 gb-accordion__item\" data-transition=\"slide\">\n\n<button class=\"gb-button gb-button-92cb480a gb-accordion__toggle\" id=\"gb-accordion-toggle-92cb480a\"><span class=\"gb-button-text\">\u00bfQu\u00e9 es un cristal de zafiro?<\/span><span class=\"gb-icon\"><svg xmlns=\"http:\/\/www.w3.org\/2000\/svg\" viewbox=\"0 0 448 512\" width=\"1em\" height=\"1em\" ariahidden=\"true\" role=\"img\" class=\"gb-accordion__icon\"><path d=\"M416 208H272V64c0-17.67-14.33-32-32-32h-32c-17.67 0-32 14.33-32 32v144H32c-17.67 0-32 14.33-32 32v32c0 17.67 14.33 32 32 32h144v144c0 17.67 14.33 32 32 32h32c17.67 0 32-14.33 32-32V304h144c17.67 0 32-14.33 32-32v-32c0-17.67-14.33-32-32-32z\" fill=\"currentColor\"><\/path><\/svg><svg xmlns=\"http:\/\/www.w3.org\/2000\/svg\" viewbox=\"0 0 448 512\" width=\"1em\" height=\"1em\" ariahidden=\"true\" role=\"img\" class=\"gb-accordion__icon-open\"><path d=\"M416 208H32c-17.67 0-32 14.33-32 32v32c0 17.67 14.33 32 32 32h384c17.67 0 32-14.33 32-32v-32c0-17.67-14.33-32-32-32z\" fill=\"currentColor\"><\/path><\/svg><\/span><\/button>\n\n\n<div id=\"gb-accordion-content-460df07b\" class=\"gb-accordion__content\"><div class=\"gb-container gb-container-460df07b\">\n\n<div class=\"gb-headline gb-headline-2a186638 gb-headline-text\">El cristal de zafiro es un tipo de cristal sint\u00e9tico muy resistente a los ara\u00f1azos porque es extremadamente duro. Es una garant\u00eda de calidad en relojer\u00eda.<\/div>\n\n<\/div><\/div>\n<\/div>\n<\/div>\n<\/div>\n<\/div><div class=\"gb-container gb-container-4828ccac\">\n<div class=\"gb-container gb-container-5913b5be gb-container-default\">\n<div class=\"gb-grid-wrapper gb-grid-wrapper-1aa5f919\">\n<div class=\"gb-grid-column gb-grid-column-648b6190\"><div class=\"gb-container gb-container-648b6190\"><div class=\"gb-inside-container\">\n\n<h2 id=\"comparacion-de-los-2-modelos-cual-le-conviene\" class=\"gb-headline gb-headline-ec0483da gb-headline-text\">Comparaci\u00f3n de los 2 modelos: \u00bfcu\u00e1l le conviene?<\/h2>\n\n<\/div><\/div><\/div>\n\n<div class=\"gb-grid-column gb-grid-column-3d6c634c\"><div class=\"gb-container gb-container-3d6c634c\"><div class=\"gb-inside-container\"><\/div><\/div><\/div>\n<\/div>\n<\/div>\n<\/div>","protected":false},"excerpt":{"rendered":"<p>Preguntas frecuentes sobre nuestros modelos Algunas explicaciones t\u00e9cnicas Un reloj mec\u00e1nico es un tipo de reloj que funciona sin pilas ni componentes electr\u00f3nicos. Est\u00e1 hecho enteramente de piezas mec\u00e1nicas, s\u00edmbolo de la capacidad del hombre para dominar el tiempo desde hace varios siglos. Una complicaci\u00f3n es un mecanismo adicional integrado en el reloj que le &#8230; <a title=\"Configura tu reloj\" class=\"read-more\" href=\"https:\/\/bewatchmaker.com\/es\/modelos\/\" aria-label=\"Leer m\u00e1s sobre Configura tu reloj\">Leer m\u00e1s<\/a><\/p>\n","protected":false},"author":1,"featured_media":0,"parent":0,"menu_order":0,"comment_status":"closed","ping_status":"closed","template":"","meta":{"_acf_changed":false,"_seopress_robots_primary_cat":"","_seopress_titles_title":"","_seopress_titles_desc":"","_seopress_robots_index":"","footnotes":""},"page_category":[],"class_list":["post-10838","page","type-page","status-publish"],"nelio_popups_active_popup":"","acf":[],"_links":{"self":[{"href":"https:\/\/bewatchmaker.com\/es\/wp-json\/wp\/v2\/pages\/10838","targetHints":{"allow":["GET"]}}],"collection":[{"href":"https:\/\/bewatchmaker.com\/es\/wp-json\/wp\/v2\/pages"}],"about":[{"href":"https:\/\/bewatchmaker.com\/es\/wp-json\/wp\/v2\/types\/page"}],"author":[{"embeddable":true,"href":"https:\/\/bewatchmaker.com\/es\/wp-json\/wp\/v2\/users\/1"}],"replies":[{"embeddable":true,"href":"https:\/\/bewatchmaker.com\/es\/wp-json\/wp\/v2\/comments?post=10838"}],"version-history":[{"count":15,"href":"https:\/\/bewatchmaker.com\/es\/wp-json\/wp\/v2\/pages\/10838\/revisions"}],"predecessor-version":[{"id":13507,"href":"https:\/\/bewatchmaker.com\/es\/wp-json\/wp\/v2\/pages\/10838\/revisions\/13507"}],"wp:attachment":[{"href":"https:\/\/bewatchmaker.com\/es\/wp-json\/wp\/v2\/media?parent=10838"}],"wp:term":[{"taxonomy":"page_category","embeddable":true,"href":"https:\/\/bewatchmaker.com\/es\/wp-json\/wp\/v2\/page_category?post=10838"}],"curies":[{"name":"wp","href":"https:\/\/api.w.org\/{rel}","templated":true}]}}