{"id":14111,"date":"2025-01-24T14:37:26","date_gmt":"2025-01-24T13:37:26","guid":{"rendered":"http:\/\/bewatchmaker.com\/?page_id=14111"},"modified":"2025-05-13T11:53:42","modified_gmt":"2025-05-13T09:53:42","slug":"en-la-prensa","status":"publish","type":"page","link":"https:\/\/bewatchmaker.com\/es\/en-la-prensa\/","title":{"rendered":"En la prensa"},"content":{"rendered":"<div class=\"gb-container gb-container-2f7a841a\">\n<div class=\"gb-container gb-container-0b0d2411 gb-container-default\">\n<div class=\"gb-grid-wrapper gb-grid-wrapper-7d87a544\">\n<div class=\"gb-grid-column gb-grid-column-5853c86a\"><div class=\"gb-container gb-container-5853c86a\">\n\n<h2 id=\"estamos-en-las-noticias\" class=\"gb-headline gb-headline-c65603f9 gb-headline-text\">Estamos en las noticias<\/h2>\n\n<\/div><\/div>\n\n<div class=\"gb-grid-column gb-grid-column-0402e62d\"><div class=\"gb-container gb-container-0402e62d\">\n\n<p>Descubre los art\u00edculos de prensa sobre BeWatchmaker x Initium, as\u00ed como los v\u00eddeos que han cubierto nuestros relojes kit desde su lanzamiento.<\/p>\n\n\n<div class=\"gb-container gb-container-445c22dc\">\n<div class=\"gb-grid-wrapper gb-grid-wrapper-996a503b\">\n<div class=\"gb-grid-column gb-grid-column-202a10d3\"><div class=\"gb-container gb-container-202a10d3\">\n\n<figure class=\"gb-block-image gb-block-image-aff3b9ca\"><img decoding=\"async\" class=\"gb-image gb-image-aff3b9ca\" src=\"http:\/\/bewatchmaker.com\/wp-content\/uploads\/2024\/12\/le-temps.svg\" alt=\"\" title=\"tiempo\"><\/figure>\n\n<\/div><\/div>\n\n<div class=\"gb-grid-column gb-grid-column-f255c7cd\"><div class=\"gb-container gb-container-f255c7cd\">\n\n<figure class=\"gb-block-image gb-block-image-55992f4e\"><img decoding=\"async\" class=\"gb-image gb-image-55992f4e\" src=\"http:\/\/bewatchmaker.com\/wp-content\/uploads\/2024\/12\/new-york-times.svg\" alt=\"\" title=\"new-york-times\"><\/figure>\n\n<\/div><\/div>\n\n<div class=\"gb-grid-column gb-grid-column-e2f5960b\"><div class=\"gb-container gb-container-e2f5960b\">\n\n<figure class=\"gb-block-image gb-block-image-c67ce47e\"><img decoding=\"async\" class=\"gb-image gb-image-c67ce47e\" src=\"http:\/\/bewatchmaker.com\/wp-content\/uploads\/2024\/12\/forbes.svg\" alt=\"\" title=\"forbes\"><\/figure>\n\n<\/div><\/div>\n<\/div>\n<\/div>\n<\/div><\/div>\n<\/div>\n<\/div>\n<\/div><div class=\"gb-container gb-container-9ceca512\">\n<div class=\"gb-container gb-container-9662f152 gb-container-default\">\n\n<h3 id=\"articulos-de-prensa\" class=\"gb-headline gb-headline-ee09fa30 gb-headline-text\">Art\u00edculos de prensa<\/h3>\n\n\n\n<div class=\"gb-grid-wrapper gb-grid-wrapper-ada81c9f gb-query-loop-wrapper\">\n<div class=\"gb-grid-column gb-grid-column-672e30fa gb-query-loop-item post-15125 press-article type-press-article status-publish has-post-thumbnail hentry media-type-article\"><div class=\"gb-container gb-container-672e30fa press-article\" data-url=\"\" data-target=\"_blank\">\n<figure class=\"gb-block-image gb-block-image-5a721b67\"><img loading=\"lazy\" decoding=\"async\" width=\"639\" height=\"347\" src=\"https:\/\/bewatchmaker.com\/wp-content\/uploads\/2025\/09\/91180134-64147682.jpg\" class=\"gb-image-5a721b67  object-fit-top\" alt=\"Initium initie vos enfants \u00e0 l\u2019horlogerie avec le kit horloger pour enfants de Bewatchmaker\" srcset=\"https:\/\/bewatchmaker.com\/wp-content\/uploads\/2025\/09\/91180134-64147682.jpg 639w, https:\/\/bewatchmaker.com\/wp-content\/uploads\/2025\/09\/91180134-64147682-300x163.jpg 300w, https:\/\/bewatchmaker.com\/wp-content\/uploads\/2025\/09\/91180134-64147682-150x81.jpg 150w, https:\/\/bewatchmaker.com\/wp-content\/uploads\/2025\/09\/91180134-64147682-600x326.jpg 600w\" sizes=\"auto, (max-width: 639px) 100vw, 639px\" \/><\/figure>\n\n<div class=\"gb-container gb-container-c17bc911\">\n\n\n<div class=\"gb-headline gb-headline-9f4f8377 gb-headline-text\">Initium inicia a tus hijos en la relojer\u00eda con el kit de relojer\u00eda infantil Bewatchmaker<\/div>\n<\/div>\n<\/div><\/div>\n\n<div class=\"gb-grid-column gb-grid-column-672e30fa gb-query-loop-item post-13899 press-article type-press-article status-publish has-post-thumbnail hentry media-type-article\"><div class=\"gb-container gb-container-672e30fa press-article\" data-url=\"\" data-target=\"_blank\">\n<figure class=\"gb-block-image gb-block-image-5a721b67\"><img loading=\"lazy\" decoding=\"async\" width=\"800\" height=\"450\" src=\"https:\/\/bewatchmaker.com\/wp-content\/uploads\/2024\/11\/article-press-le-temps.jpg\" class=\"gb-image-5a721b67  object-fit-top\" alt=\"\" srcset=\"https:\/\/bewatchmaker.com\/wp-content\/uploads\/2024\/11\/article-press-le-temps.jpg 800w, https:\/\/bewatchmaker.com\/wp-content\/uploads\/2024\/11\/article-press-le-temps-300x169.jpg 300w, https:\/\/bewatchmaker.com\/wp-content\/uploads\/2024\/11\/article-press-le-temps-150x84.jpg 150w, https:\/\/bewatchmaker.com\/wp-content\/uploads\/2024\/11\/article-press-le-temps-768x432.jpg 768w, https:\/\/bewatchmaker.com\/wp-content\/uploads\/2024\/11\/article-press-le-temps-600x338.jpg 600w\" sizes=\"auto, (max-width: 800px) 100vw, 800px\" \/><\/figure>\n\n<div class=\"gb-container gb-container-c17bc911\">\n\n\n<div class=\"gb-headline gb-headline-9f4f8377 gb-headline-text\">Initium, del taller al kit de relojer\u00eda<\/div>\n<\/div>\n<\/div><\/div>\n\n<div class=\"gb-grid-column gb-grid-column-672e30fa gb-query-loop-item post-13902 press-article type-press-article status-publish has-post-thumbnail hentry media-type-article\"><div class=\"gb-container gb-container-672e30fa press-article\" data-url=\"\" data-target=\"_blank\">\n<figure class=\"gb-block-image gb-block-image-5a721b67\"><img loading=\"lazy\" decoding=\"async\" width=\"959\" height=\"945\" src=\"https:\/\/bewatchmaker.com\/wp-content\/uploads\/2024\/11\/article-press-forbes.jpg\" class=\"gb-image-5a721b67  object-fit-top\" alt=\"\" srcset=\"https:\/\/bewatchmaker.com\/wp-content\/uploads\/2024\/11\/article-press-forbes.jpg 959w, https:\/\/bewatchmaker.com\/wp-content\/uploads\/2024\/11\/article-press-forbes-300x296.jpg 300w, https:\/\/bewatchmaker.com\/wp-content\/uploads\/2024\/11\/article-press-forbes-150x148.jpg 150w, https:\/\/bewatchmaker.com\/wp-content\/uploads\/2024\/11\/article-press-forbes-768x757.jpg 768w, https:\/\/bewatchmaker.com\/wp-content\/uploads\/2024\/11\/article-press-forbes-600x591.jpg 600w, https:\/\/bewatchmaker.com\/wp-content\/uploads\/2024\/11\/article-press-forbes-800x788.jpg 800w\" sizes=\"auto, (max-width: 959px) 100vw, 959px\" \/><\/figure>\n\n<div class=\"gb-container gb-container-c17bc911\">\n\n\n<div class=\"gb-headline gb-headline-9f4f8377 gb-headline-text\">Las mejores experiencias de viaje: fabrica tu propio reloj suizo en Suiza<\/div>\n<\/div>\n<\/div><\/div>\n\n<div class=\"gb-grid-column gb-grid-column-672e30fa gb-query-loop-item post-13881 press-article type-press-article status-publish has-post-thumbnail hentry media-type-article\"><div class=\"gb-container gb-container-672e30fa press-article\" data-url=\"\" data-target=\"_blank\">\n<figure class=\"gb-block-image gb-block-image-5a721b67\"><img loading=\"lazy\" decoding=\"async\" width=\"800\" height=\"533\" src=\"https:\/\/bewatchmaker.com\/wp-content\/uploads\/2024\/11\/article-press-new-york-times.jpg\" class=\"gb-image-5a721b67  object-fit-top\" alt=\"\" srcset=\"https:\/\/bewatchmaker.com\/wp-content\/uploads\/2024\/11\/article-press-new-york-times.jpg 800w, https:\/\/bewatchmaker.com\/wp-content\/uploads\/2024\/11\/article-press-new-york-times-300x200.jpg 300w, https:\/\/bewatchmaker.com\/wp-content\/uploads\/2024\/11\/article-press-new-york-times-150x100.jpg 150w, https:\/\/bewatchmaker.com\/wp-content\/uploads\/2024\/11\/article-press-new-york-times-768x512.jpg 768w, https:\/\/bewatchmaker.com\/wp-content\/uploads\/2024\/11\/article-press-new-york-times-600x400.jpg 600w\" sizes=\"auto, (max-width: 800px) 100vw, 800px\" \/><\/figure>\n\n<div class=\"gb-container gb-container-c17bc911\">\n\n\n<div class=\"gb-headline gb-headline-9f4f8377 gb-headline-text\">El bricolaje de la relojer\u00eda<\/div>\n<\/div>\n<\/div><\/div>\n\n<div class=\"gb-grid-column gb-grid-column-672e30fa gb-query-loop-item post-14013 press-article type-press-article status-publish has-post-thumbnail hentry media-type-article\"><div class=\"gb-container gb-container-672e30fa press-article\" data-url=\"\" data-target=\"_blank\">\n<figure class=\"gb-block-image gb-block-image-5a721b67\"><img loading=\"lazy\" decoding=\"async\" width=\"1280\" height=\"840\" src=\"https:\/\/bewatchmaker.com\/wp-content\/uploads\/2024\/12\/kit-assemblage-montre-suisse-1280x840-1.jpg\" class=\"gb-image-5a721b67  object-fit-top\" alt=\"\" srcset=\"https:\/\/bewatchmaker.com\/wp-content\/uploads\/2024\/12\/kit-assemblage-montre-suisse-1280x840-1.jpg 1280w, https:\/\/bewatchmaker.com\/wp-content\/uploads\/2024\/12\/kit-assemblage-montre-suisse-1280x840-1-300x197.jpg 300w, https:\/\/bewatchmaker.com\/wp-content\/uploads\/2024\/12\/kit-assemblage-montre-suisse-1280x840-1-1024x672.jpg 1024w, https:\/\/bewatchmaker.com\/wp-content\/uploads\/2024\/12\/kit-assemblage-montre-suisse-1280x840-1-150x98.jpg 150w, https:\/\/bewatchmaker.com\/wp-content\/uploads\/2024\/12\/kit-assemblage-montre-suisse-1280x840-1-768x504.jpg 768w, https:\/\/bewatchmaker.com\/wp-content\/uploads\/2024\/12\/kit-assemblage-montre-suisse-1280x840-1-600x394.jpg 600w, https:\/\/bewatchmaker.com\/wp-content\/uploads\/2024\/12\/kit-assemblage-montre-suisse-1280x840-1-800x525.jpg 800w\" sizes=\"auto, (max-width: 1280px) 100vw, 1280px\" \/><\/figure>\n\n<div class=\"gb-container gb-container-c17bc911\">\n\n\n<div class=\"gb-headline gb-headline-9f4f8377 gb-headline-text\">Un kit para montar un reloj mec\u00e1nico suizo en casa<\/div>\n<\/div>\n<\/div><\/div>\n\n<div class=\"gb-grid-column gb-grid-column-672e30fa gb-query-loop-item post-14037 press-article type-press-article status-publish has-post-thumbnail hentry media-type-article\"><div class=\"gb-container gb-container-672e30fa press-article\" data-url=\"\" data-target=\"_blank\">\n<figure class=\"gb-block-image gb-block-image-5a721b67\"><img loading=\"lazy\" decoding=\"async\" width=\"2000\" height=\"1333\" src=\"https:\/\/bewatchmaker.com\/wp-content\/uploads\/2024\/11\/kit-initium.jpg\" class=\"gb-image-5a721b67  object-fit-top\" alt=\"Kit de montage Initium\" srcset=\"https:\/\/bewatchmaker.com\/wp-content\/uploads\/2024\/11\/kit-initium.jpg 2000w, https:\/\/bewatchmaker.com\/wp-content\/uploads\/2024\/11\/kit-initium-300x200.jpg 300w, https:\/\/bewatchmaker.com\/wp-content\/uploads\/2024\/11\/kit-initium-1024x682.jpg 1024w, https:\/\/bewatchmaker.com\/wp-content\/uploads\/2024\/11\/kit-initium-150x100.jpg 150w, https:\/\/bewatchmaker.com\/wp-content\/uploads\/2024\/11\/kit-initium-768x512.jpg 768w, https:\/\/bewatchmaker.com\/wp-content\/uploads\/2024\/11\/kit-initium-1536x1024.jpg 1536w, https:\/\/bewatchmaker.com\/wp-content\/uploads\/2024\/11\/kit-initium-600x400.jpg 600w, https:\/\/bewatchmaker.com\/wp-content\/uploads\/2024\/11\/kit-initium-800x533.jpg 800w\" sizes=\"auto, (max-width: 2000px) 100vw, 2000px\" \/><\/figure>\n\n<div class=\"gb-container gb-container-c17bc911\">\n\n\n<div class=\"gb-headline gb-headline-9f4f8377 gb-headline-text\">Kits de relojer\u00eda de Bewatchmaker<\/div>\n<\/div>\n<\/div><\/div>\n\n<div class=\"gb-grid-column gb-grid-column-672e30fa gb-query-loop-item post-14029 press-article type-press-article status-publish has-post-thumbnail hentry media-type-article\"><div class=\"gb-container gb-container-672e30fa press-article\" data-url=\"\" data-target=\"_blank\">\n<figure class=\"gb-block-image gb-block-image-5a721b67\"><img loading=\"lazy\" decoding=\"async\" width=\"1280\" height=\"720\" src=\"https:\/\/bewatchmaker.com\/wp-content\/uploads\/2024\/12\/initium-x-bewatchmaker.jpg.webp\" class=\"gb-image-5a721b67  object-fit-top\" alt=\"\" srcset=\"https:\/\/bewatchmaker.com\/wp-content\/uploads\/2024\/12\/initium-x-bewatchmaker.jpg.webp 1280w, https:\/\/bewatchmaker.com\/wp-content\/uploads\/2024\/12\/initium-x-bewatchmaker.jpg-300x169.webp 300w, https:\/\/bewatchmaker.com\/wp-content\/uploads\/2024\/12\/initium-x-bewatchmaker.jpg-1024x576.webp 1024w, https:\/\/bewatchmaker.com\/wp-content\/uploads\/2024\/12\/initium-x-bewatchmaker.jpg-150x84.webp 150w, https:\/\/bewatchmaker.com\/wp-content\/uploads\/2024\/12\/initium-x-bewatchmaker.jpg-768x432.webp 768w, https:\/\/bewatchmaker.com\/wp-content\/uploads\/2024\/12\/initium-x-bewatchmaker.jpg-600x338.webp 600w, https:\/\/bewatchmaker.com\/wp-content\/uploads\/2024\/12\/initium-x-bewatchmaker.jpg-800x450.webp 800w\" sizes=\"auto, (max-width: 1280px) 100vw, 1280px\" \/><\/figure>\n\n<div class=\"gb-container gb-container-c17bc911\">\n\n\n<div class=\"gb-headline gb-headline-9f4f8377 gb-headline-text\">Initium y BeWatchMaker revolucionan el kit de relojes personalizados<\/div>\n<\/div>\n<\/div><\/div>\n\n<div class=\"gb-grid-column gb-grid-column-672e30fa gb-query-loop-item post-13935 press-article type-press-article status-publish has-post-thumbnail hentry media-type-article\"><div class=\"gb-container gb-container-672e30fa press-article\" data-url=\"\" data-target=\"_blank\">\n<figure class=\"gb-block-image gb-block-image-5a721b67\"><img loading=\"lazy\" decoding=\"async\" width=\"1200\" height=\"900\" src=\"https:\/\/bewatchmaker.com\/wp-content\/uploads\/2024\/12\/aa10f6_b854713c57fd4f86b0d74b97159f75c4mv2.webp\" class=\"gb-image-5a721b67  object-fit-top\" alt=\"\" srcset=\"https:\/\/bewatchmaker.com\/wp-content\/uploads\/2024\/12\/aa10f6_b854713c57fd4f86b0d74b97159f75c4mv2.webp 1200w, https:\/\/bewatchmaker.com\/wp-content\/uploads\/2024\/12\/aa10f6_b854713c57fd4f86b0d74b97159f75c4mv2-300x225.webp 300w, https:\/\/bewatchmaker.com\/wp-content\/uploads\/2024\/12\/aa10f6_b854713c57fd4f86b0d74b97159f75c4mv2-1024x768.webp 1024w, https:\/\/bewatchmaker.com\/wp-content\/uploads\/2024\/12\/aa10f6_b854713c57fd4f86b0d74b97159f75c4mv2-150x113.webp 150w, https:\/\/bewatchmaker.com\/wp-content\/uploads\/2024\/12\/aa10f6_b854713c57fd4f86b0d74b97159f75c4mv2-768x576.webp 768w, https:\/\/bewatchmaker.com\/wp-content\/uploads\/2024\/12\/aa10f6_b854713c57fd4f86b0d74b97159f75c4mv2-600x450.webp 600w, https:\/\/bewatchmaker.com\/wp-content\/uploads\/2024\/12\/aa10f6_b854713c57fd4f86b0d74b97159f75c4mv2-800x600.webp 800w\" sizes=\"auto, (max-width: 1200px) 100vw, 1200px\" \/><\/figure>\n\n<div class=\"gb-container gb-container-c17bc911\">\n\n\n<div class=\"gb-headline gb-headline-9f4f8377 gb-headline-text\">Relojes de la semana: 22\/04\/2024 &#8211; 28\/04\/2024<\/div>\n<\/div>\n<\/div><\/div>\n\n<div class=\"gb-grid-column gb-grid-column-672e30fa gb-query-loop-item post-13931 press-article type-press-article status-publish has-post-thumbnail hentry media-type-article\"><div class=\"gb-container gb-container-672e30fa press-article\" data-url=\"\" data-target=\"_blank\">\n<figure class=\"gb-block-image gb-block-image-5a721b67\"><img loading=\"lazy\" decoding=\"async\" width=\"1200\" height=\"748\" src=\"https:\/\/bewatchmaker.com\/wp-content\/uploads\/2024\/12\/Bewatchmaker.jpg.webp\" class=\"gb-image-5a721b67  object-fit-top\" alt=\"\" srcset=\"https:\/\/bewatchmaker.com\/wp-content\/uploads\/2024\/12\/Bewatchmaker.jpg.webp 1200w, https:\/\/bewatchmaker.com\/wp-content\/uploads\/2024\/12\/Bewatchmaker.jpg-300x187.webp 300w, https:\/\/bewatchmaker.com\/wp-content\/uploads\/2024\/12\/Bewatchmaker.jpg-1024x638.webp 1024w, https:\/\/bewatchmaker.com\/wp-content\/uploads\/2024\/12\/Bewatchmaker.jpg-150x94.webp 150w, https:\/\/bewatchmaker.com\/wp-content\/uploads\/2024\/12\/Bewatchmaker.jpg-768x479.webp 768w, https:\/\/bewatchmaker.com\/wp-content\/uploads\/2024\/12\/Bewatchmaker.jpg-600x374.webp 600w, https:\/\/bewatchmaker.com\/wp-content\/uploads\/2024\/12\/Bewatchmaker.jpg-800x499.webp 800w\" sizes=\"auto, (max-width: 1200px) 100vw, 1200px\" \/><\/figure>\n\n<div class=\"gb-container gb-container-c17bc911\">\n\n\n<div class=\"gb-headline gb-headline-9f4f8377 gb-headline-text\">\u00bfQuieres montar tu propio reloj? \u00a1Visita Bewatchmaker!<\/div>\n<\/div>\n<\/div><\/div>\n<\/div>\n\n<\/div>\n\n<div class=\"gb-container gb-container-2552a691 gb-container-default\">\n\n<h3 id=\"videos\" class=\"gb-headline gb-headline-e779035b gb-headline-text\">V\u00eddeos<\/h3>\n\n\n\n<div class=\"gb-grid-wrapper gb-grid-wrapper-efcabdc4 gb-query-loop-wrapper\">\n<div class=\"gb-grid-column gb-grid-column-76d96218 gb-query-loop-item post-15149 press-article type-press-article status-publish has-post-thumbnail hentry media-type-video\"><div class=\"gb-container gb-container-76d96218 press-article\" data-url=\"\" data-target=\"_blank\">\n<figure class=\"gb-block-image gb-block-image-a804a4ed\"><img loading=\"lazy\" decoding=\"async\" width=\"1280\" height=\"720\" src=\"https:\/\/bewatchmaker.com\/wp-content\/uploads\/2025\/10\/7ROV4FY9GqI-HD.jpg\" class=\"gb-image-a804a4ed  object-fit-top\" alt=\"\" srcset=\"https:\/\/bewatchmaker.com\/wp-content\/uploads\/2025\/10\/7ROV4FY9GqI-HD.jpg 1280w, https:\/\/bewatchmaker.com\/wp-content\/uploads\/2025\/10\/7ROV4FY9GqI-HD-300x169.jpg 300w, https:\/\/bewatchmaker.com\/wp-content\/uploads\/2025\/10\/7ROV4FY9GqI-HD-1024x576.jpg 1024w, https:\/\/bewatchmaker.com\/wp-content\/uploads\/2025\/10\/7ROV4FY9GqI-HD-150x84.jpg 150w, https:\/\/bewatchmaker.com\/wp-content\/uploads\/2025\/10\/7ROV4FY9GqI-HD-768x432.jpg 768w, https:\/\/bewatchmaker.com\/wp-content\/uploads\/2025\/10\/7ROV4FY9GqI-HD-600x338.jpg 600w, https:\/\/bewatchmaker.com\/wp-content\/uploads\/2025\/10\/7ROV4FY9GqI-HD-800x450.jpg 800w\" sizes=\"auto, (max-width: 1280px) 100vw, 1280px\" \/><\/figure>\n\n<div class=\"gb-container gb-container-74c96fb4\">\n\n\n<div class=\"gb-headline gb-headline-2286e251 gb-headline-text\">BEWATCHMAKER &#8211; Kit de montaje con herramientas incluidas &#8211; \u00a1lleva tu propia creaci\u00f3n!<\/div>\n<\/div>\n<\/div><\/div>\n\n<div class=\"gb-grid-column gb-grid-column-76d96218 gb-query-loop-item post-15121 press-article type-press-article status-publish has-post-thumbnail hentry media-type-video\"><div class=\"gb-container gb-container-76d96218 press-article\" data-url=\"\" data-target=\"_blank\">\n<figure class=\"gb-block-image gb-block-image-a804a4ed\"><img loading=\"lazy\" decoding=\"async\" width=\"1280\" height=\"720\" src=\"https:\/\/bewatchmaker.com\/wp-content\/uploads\/2025\/09\/5daHc1jrMfU-HD.jpg\" class=\"gb-image-a804a4ed  object-fit-top\" alt=\"\" srcset=\"https:\/\/bewatchmaker.com\/wp-content\/uploads\/2025\/09\/5daHc1jrMfU-HD.jpg 1280w, https:\/\/bewatchmaker.com\/wp-content\/uploads\/2025\/09\/5daHc1jrMfU-HD-300x169.jpg 300w, https:\/\/bewatchmaker.com\/wp-content\/uploads\/2025\/09\/5daHc1jrMfU-HD-1024x576.jpg 1024w, https:\/\/bewatchmaker.com\/wp-content\/uploads\/2025\/09\/5daHc1jrMfU-HD-150x84.jpg 150w, https:\/\/bewatchmaker.com\/wp-content\/uploads\/2025\/09\/5daHc1jrMfU-HD-768x432.jpg 768w, https:\/\/bewatchmaker.com\/wp-content\/uploads\/2025\/09\/5daHc1jrMfU-HD-600x338.jpg 600w, https:\/\/bewatchmaker.com\/wp-content\/uploads\/2025\/09\/5daHc1jrMfU-HD-800x450.jpg 800w\" sizes=\"auto, (max-width: 1280px) 100vw, 1280px\" \/><\/figure>\n\n<div class=\"gb-container gb-container-74c96fb4\">\n\n\n<div class=\"gb-headline gb-headline-2286e251 gb-headline-text\">\u00a1Fue F\u00c1CIL montar mi PRIMER RELOJ utilizando un kit!<\/div>\n<\/div>\n<\/div><\/div>\n\n<div class=\"gb-grid-column gb-grid-column-76d96218 gb-query-loop-item post-15091 press-article type-press-article status-publish has-post-thumbnail hentry media-type-video\"><div class=\"gb-container gb-container-76d96218 press-article\" data-url=\"\" data-target=\"_blank\">\n<figure class=\"gb-block-image gb-block-image-a804a4ed\"><img loading=\"lazy\" decoding=\"async\" width=\"1280\" height=\"720\" src=\"https:\/\/bewatchmaker.com\/wp-content\/uploads\/2025\/09\/maxresdefault.jpg\" class=\"gb-image-a804a4ed  object-fit-top\" alt=\"\" srcset=\"https:\/\/bewatchmaker.com\/wp-content\/uploads\/2025\/09\/maxresdefault.jpg 1280w, https:\/\/bewatchmaker.com\/wp-content\/uploads\/2025\/09\/maxresdefault-300x169.jpg 300w, https:\/\/bewatchmaker.com\/wp-content\/uploads\/2025\/09\/maxresdefault-1024x576.jpg 1024w, https:\/\/bewatchmaker.com\/wp-content\/uploads\/2025\/09\/maxresdefault-150x84.jpg 150w, https:\/\/bewatchmaker.com\/wp-content\/uploads\/2025\/09\/maxresdefault-768x432.jpg 768w, https:\/\/bewatchmaker.com\/wp-content\/uploads\/2025\/09\/maxresdefault-600x338.jpg 600w, https:\/\/bewatchmaker.com\/wp-content\/uploads\/2025\/09\/maxresdefault-800x450.jpg 800w\" sizes=\"auto, (max-width: 1280px) 100vw, 1280px\" \/><\/figure>\n\n<div class=\"gb-container gb-container-74c96fb4\">\n\n\n<div class=\"gb-headline gb-headline-2286e251 gb-headline-text\">Monto un reloj con un RELOJERO suizo<\/div>\n<\/div>\n<\/div><\/div>\n\n<div class=\"gb-grid-column gb-grid-column-76d96218 gb-query-loop-item post-15087 press-article type-press-article status-publish has-post-thumbnail hentry media-type-video\"><div class=\"gb-container gb-container-76d96218 press-article\" data-url=\"\" data-target=\"_blank\">\n<figure class=\"gb-block-image gb-block-image-a804a4ed\"><img loading=\"lazy\" decoding=\"async\" width=\"768\" height=\"512\" src=\"https:\/\/bewatchmaker.com\/wp-content\/uploads\/2025\/09\/546914925_2062113417927729_6818951253696594401_n.jpg\" class=\"gb-image-a804a4ed  object-fit-top\" alt=\"\" srcset=\"https:\/\/bewatchmaker.com\/wp-content\/uploads\/2025\/09\/546914925_2062113417927729_6818951253696594401_n.jpg 768w, https:\/\/bewatchmaker.com\/wp-content\/uploads\/2025\/09\/546914925_2062113417927729_6818951253696594401_n-300x200.jpg 300w, https:\/\/bewatchmaker.com\/wp-content\/uploads\/2025\/09\/546914925_2062113417927729_6818951253696594401_n-150x100.jpg 150w, https:\/\/bewatchmaker.com\/wp-content\/uploads\/2025\/09\/546914925_2062113417927729_6818951253696594401_n-600x400.jpg 600w\" sizes=\"auto, (max-width: 768px) 100vw, 768px\" \/><\/figure>\n\n<div class=\"gb-container gb-container-74c96fb4\">\n\n\n<div class=\"gb-headline gb-headline-2286e251 gb-headline-text\">BeWatchmaker \u00a1el kit de relojer\u00eda asequible!<\/div>\n<\/div>\n<\/div><\/div>\n\n<div class=\"gb-grid-column gb-grid-column-76d96218 gb-query-loop-item post-14001 press-article type-press-article status-publish has-post-thumbnail hentry media-type-video\"><div class=\"gb-container gb-container-76d96218 press-article\" data-url=\"\" data-target=\"_blank\">\n<figure class=\"gb-block-image gb-block-image-a804a4ed\"><img loading=\"lazy\" decoding=\"async\" width=\"720\" height=\"404\" src=\"https:\/\/bewatchmaker.com\/wp-content\/uploads\/2024\/12\/bwm-youtube-4.jpg\" class=\"gb-image-a804a4ed  object-fit-top\" alt=\"\" srcset=\"https:\/\/bewatchmaker.com\/wp-content\/uploads\/2024\/12\/bwm-youtube-4.jpg 720w, https:\/\/bewatchmaker.com\/wp-content\/uploads\/2024\/12\/bwm-youtube-4-300x168.jpg 300w, https:\/\/bewatchmaker.com\/wp-content\/uploads\/2024\/12\/bwm-youtube-4-150x84.jpg 150w, https:\/\/bewatchmaker.com\/wp-content\/uploads\/2024\/12\/bwm-youtube-4-600x337.jpg 600w\" sizes=\"auto, (max-width: 720px) 100vw, 720px\" \/><\/figure>\n\n<div class=\"gb-container gb-container-74c96fb4\">\n\n\n<div class=\"gb-headline gb-headline-2286e251 gb-headline-text\">\u00a1Mi nueva aprendiz est\u00e1 montando su primer reloj!<\/div>\n<\/div>\n<\/div><\/div>\n\n<div class=\"gb-grid-column gb-grid-column-76d96218 gb-query-loop-item post-13995 press-article type-press-article status-publish has-post-thumbnail hentry media-type-video\"><div class=\"gb-container gb-container-76d96218 press-article\" data-url=\"\" data-target=\"_blank\">\n<figure class=\"gb-block-image gb-block-image-a804a4ed\"><img loading=\"lazy\" decoding=\"async\" width=\"720\" height=\"404\" src=\"https:\/\/bewatchmaker.com\/wp-content\/uploads\/2024\/12\/bwm-youtube-2.jpg\" class=\"gb-image-a804a4ed  object-fit-top\" alt=\"\" srcset=\"https:\/\/bewatchmaker.com\/wp-content\/uploads\/2024\/12\/bwm-youtube-2.jpg 720w, https:\/\/bewatchmaker.com\/wp-content\/uploads\/2024\/12\/bwm-youtube-2-300x168.jpg 300w, https:\/\/bewatchmaker.com\/wp-content\/uploads\/2024\/12\/bwm-youtube-2-150x84.jpg 150w, https:\/\/bewatchmaker.com\/wp-content\/uploads\/2024\/12\/bwm-youtube-2-600x337.jpg 600w\" sizes=\"auto, (max-width: 720px) 100vw, 720px\" \/><\/figure>\n\n<div class=\"gb-container gb-container-74c96fb4\">\n\n\n<div class=\"gb-headline gb-headline-2286e251 gb-headline-text\">\u00a1Regalamos un kit valorado en 1.800 euros para construir TU PROPIO RELOJ!<\/div>\n<\/div>\n<\/div><\/div>\n\n<div class=\"gb-grid-column gb-grid-column-76d96218 gb-query-loop-item post-13990 press-article type-press-article status-publish has-post-thumbnail hentry media-type-video\"><div class=\"gb-container gb-container-76d96218 press-article\" data-url=\"\" data-target=\"_blank\">\n<figure class=\"gb-block-image gb-block-image-a804a4ed\"><img loading=\"lazy\" decoding=\"async\" width=\"720\" height=\"404\" src=\"https:\/\/bewatchmaker.com\/wp-content\/uploads\/2024\/12\/bwm-youtube-1.jpg\" class=\"gb-image-a804a4ed  object-fit-top\" alt=\"\" srcset=\"https:\/\/bewatchmaker.com\/wp-content\/uploads\/2024\/12\/bwm-youtube-1.jpg 720w, https:\/\/bewatchmaker.com\/wp-content\/uploads\/2024\/12\/bwm-youtube-1-300x168.jpg 300w, https:\/\/bewatchmaker.com\/wp-content\/uploads\/2024\/12\/bwm-youtube-1-150x84.jpg 150w, https:\/\/bewatchmaker.com\/wp-content\/uploads\/2024\/12\/bwm-youtube-1-600x337.jpg 600w\" sizes=\"auto, (max-width: 720px) 100vw, 720px\" \/><\/figure>\n\n<div class=\"gb-container gb-container-74c96fb4\">\n\n\n<div class=\"gb-headline gb-headline-2286e251 gb-headline-text\">BeWatchmaker &#8211; \u00a1Fabrica tu propio reloj t\u00fa mismo!<\/div>\n<\/div>\n<\/div><\/div>\n<\/div>\n\n<\/div>\n<\/div>","protected":false},"excerpt":{"rendered":"<p>Art\u00edculos de prensa V\u00eddeos<\/p>\n","protected":false},"author":1,"featured_media":0,"parent":0,"menu_order":0,"comment_status":"closed","ping_status":"closed","template":"","meta":{"_acf_changed":false,"_seopress_robots_primary_cat":"","_seopress_titles_title":"","_seopress_titles_desc":"","_seopress_robots_index":"","footnotes":""},"page_category":[],"class_list":["post-14111","page","type-page","status-publish"],"nelio_popups_active_popup":"","acf":[],"_links":{"self":[{"href":"https:\/\/bewatchmaker.com\/es\/wp-json\/wp\/v2\/pages\/14111","targetHints":{"allow":["GET"]}}],"collection":[{"href":"https:\/\/bewatchmaker.com\/es\/wp-json\/wp\/v2\/pages"}],"about":[{"href":"https:\/\/bewatchmaker.com\/es\/wp-json\/wp\/v2\/types\/page"}],"author":[{"embeddable":true,"href":"https:\/\/bewatchmaker.com\/es\/wp-json\/wp\/v2\/users\/1"}],"replies":[{"embeddable":true,"href":"https:\/\/bewatchmaker.com\/es\/wp-json\/wp\/v2\/comments?post=14111"}],"version-history":[{"count":3,"href":"https:\/\/bewatchmaker.com\/es\/wp-json\/wp\/v2\/pages\/14111\/revisions"}],"predecessor-version":[{"id":14527,"href":"https:\/\/bewatchmaker.com\/es\/wp-json\/wp\/v2\/pages\/14111\/revisions\/14527"}],"wp:attachment":[{"href":"https:\/\/bewatchmaker.com\/es\/wp-json\/wp\/v2\/media?parent=14111"}],"wp:term":[{"taxonomy":"page_category","embeddable":true,"href":"https:\/\/bewatchmaker.com\/es\/wp-json\/wp\/v2\/page_category?post=14111"}],"curies":[{"name":"wp","href":"https:\/\/api.w.org\/{rel}","templated":true}]}}