{"id":15215,"date":"2025-11-27T16:38:12","date_gmt":"2025-11-27T15:38:12","guid":{"rendered":"https:\/\/bewatchmaker.com\/donde-encontrar-nuestros-productos\/"},"modified":"2025-12-01T15:27:12","modified_gmt":"2025-12-01T14:27:12","slug":"donde-encontrar-nuestros-productos","status":"publish","type":"page","link":"https:\/\/bewatchmaker.com\/es\/donde-encontrar-nuestros-productos\/","title":{"rendered":"Nuestros concesionarios oficiales"},"content":{"rendered":"<div class=\"gb-container gb-container-3cec0ffe gb-container-default\">\n<div class=\"gb-container gb-container-d282b614\">\n\n<h1 id=\"descubre-nuestros-kits-en-nuestros-distribuidores-oficiales\" class=\"gb-headline gb-headline-a9ac5b39 gb-headline-text\">Descubre nuestros kits en nuestros distribuidores oficiales<\/h1>\n\n\n\n<p>\u00bfPrefieres ver nuestros kits en persona antes de comprarlos? Adem\u00e1s de en nuestra tienda online, BeWatchmaker est\u00e1 ahora disponible en una selecci\u00f3n de joyer\u00edas y relojer\u00edas asociadas. <\/p>\n\n\n\n<p>Nuestros minoristas han sido elegidos por su experiencia y pasi\u00f3n por la relojer\u00eda. Puedes ver los kits, hacer preguntas, pedir consejo y marcharte directamente con tu producto. <\/p>\n\n<\/div>\n\n<div class=\"gb-container gb-container-8e38721e grayscale-images\">\n<div class=\"gb-container gb-container-06f6ca9c\">\n\n<figure class=\"gb-block-image gb-block-image-b491ab03\"><img loading=\"lazy\" decoding=\"async\" width=\"440\" height=\"119\" class=\"gb-image gb-image-b491ab03\" src=\"https:\/\/bewatchmaker.com\/wp-content\/uploads\/2025\/11\/watchmaker-united.png\" alt=\"\" title=\"relojero-unido\" srcset=\"https:\/\/bewatchmaker.com\/wp-content\/uploads\/2025\/11\/watchmaker-united.png 440w, https:\/\/bewatchmaker.com\/wp-content\/uploads\/2025\/11\/watchmaker-united-300x81.png 300w, https:\/\/bewatchmaker.com\/wp-content\/uploads\/2025\/11\/watchmaker-united-150x41.png 150w\" sizes=\"auto, (max-width: 440px) 100vw, 440px\" \/><\/figure>\n\n<\/div>\n\n<div class=\"gb-container gb-container-27de4789\">\n\n<figure class=\"gb-block-image gb-block-image-f3cc57b4\"><img loading=\"lazy\" decoding=\"async\" width=\"890\" height=\"320\" class=\"gb-image gb-image-f3cc57b4\" src=\"https:\/\/bewatchmaker.com\/wp-content\/uploads\/2025\/11\/watch-gallery.png\" alt=\"\" title=\"reloj-galer\u00eda\" srcset=\"https:\/\/bewatchmaker.com\/wp-content\/uploads\/2025\/11\/watch-gallery.png 890w, https:\/\/bewatchmaker.com\/wp-content\/uploads\/2025\/11\/watch-gallery-300x108.png 300w, https:\/\/bewatchmaker.com\/wp-content\/uploads\/2025\/11\/watch-gallery-150x54.png 150w, https:\/\/bewatchmaker.com\/wp-content\/uploads\/2025\/11\/watch-gallery-768x276.png 768w, https:\/\/bewatchmaker.com\/wp-content\/uploads\/2025\/11\/watch-gallery-600x216.png 600w, https:\/\/bewatchmaker.com\/wp-content\/uploads\/2025\/11\/watch-gallery-800x288.png 800w\" sizes=\"auto, (max-width: 890px) 100vw, 890px\" \/><\/figure>\n\n<\/div>\n\n<div class=\"gb-container gb-container-4256b29a\">\n\n<figure class=\"gb-block-image gb-block-image-49ccc217\"><img decoding=\"async\" class=\"gb-image gb-image-49ccc217\" src=\"https:\/\/bewatchmaker.com\/wp-content\/uploads\/2025\/11\/le-diamant.svg\" alt=\"\" title=\"le-diamant\"><\/figure>\n\n<\/div>\n\n<div class=\"gb-container gb-container-18db8bf7\">\n\n<figure class=\"gb-block-image gb-block-image-72e99faf\"><img decoding=\"async\" class=\"gb-image gb-image-72e99faf\" src=\"https:\/\/bewatchmaker.com\/wp-content\/uploads\/2025\/11\/au-rubis.svg\" alt=\"\" title=\"au-rubis\"><\/figure>\n\n<\/div>\n<\/div>\n<\/div><div class=\"gb-container gb-container-5f9ab656 gb-container-default\">\n<style>\r\n\t#wpsl-stores .wpsl-store-thumb {height:45px !important; width:45px !important;}\r\n\t#wpsl-stores, #wpsl-direction-details, #wpsl-gmap {height:600px !important;}\r\n\t#wpsl-gmap .wpsl-info-window {max-width:225px !important;}\r\n\t.wpsl-input label, #wpsl-radius label, #wpsl-category label {width:95px;}\r\n\t#wpsl-search-input  {width:179px;}\r\n<\/style>\r\n<div id=\"wpsl-wrap\">\r\n\t<div class=\"wpsl-search wpsl-clearfix wpsl-no-filters\">\r\n\t\t<div id=\"wpsl-search-wrap\">\r\n\t\t\t<form autocomplete=\"off\">\r\n\t\t\t<div class=\"wpsl-input\">\r\n\t\t\t\t<div><label for=\"wpsl-search-input\">Tu ubicaci\u00f3n<\/label><\/div>\r\n\t\t\t\t<input id=\"wpsl-search-input\" type=\"text\" value=\"\" name=\"wpsl-search-input\" placeholder=\"\" aria-required=\"true\" \/>\r\n\t\t\t<\/div>\r\n\t\t\t\t<div class=\"wpsl-search-btn-wrap\"><input id=\"wpsl-search-btn\" type=\"submit\" value=\"Buscar\"><\/div>\r\n\t\t<\/form>\r\n\t\t<\/div>\r\n\t<\/div>\r\n\t<div id=\"wpsl-gmap\" class=\"wpsl-gmap-canvas\"><\/div>\r\n\t<div id=\"wpsl-result-list\">\r\n\t\t<div id=\"wpsl-stores\" >\r\n\t\t\t<ul><\/ul>\r\n\t\t<\/div>\r\n\t\t<div id=\"wpsl-direction-details\">\r\n\t\t\t<ul><\/ul>\r\n\t\t<\/div>\r\n\t<\/div>\r\n<\/div>\r\n\n\n<\/div>","protected":false},"excerpt":{"rendered":"<p>Descubre nuestros kits en nuestros distribuidores oficiales \u00bfPrefieres ver nuestros kits en persona antes de comprarlos? Adem\u00e1s de en nuestra tienda online, BeWatchmaker est\u00e1 ahora disponible en una selecci\u00f3n de joyer\u00edas y relojer\u00edas asociadas. Nuestros minoristas han sido elegidos por su experiencia y pasi\u00f3n por la relojer\u00eda. Puedes ver los kits, hacer preguntas, pedir consejo &#8230; <a title=\"Nuestros concesionarios oficiales\" class=\"read-more\" href=\"https:\/\/bewatchmaker.com\/es\/donde-encontrar-nuestros-productos\/\" aria-label=\"Leer m\u00e1s sobre Nuestros concesionarios oficiales\">Leer m\u00e1s<\/a><\/p>\n","protected":false},"author":1,"featured_media":0,"parent":0,"menu_order":0,"comment_status":"closed","ping_status":"closed","template":"","meta":{"_acf_changed":false,"_seopress_robots_primary_cat":"","_seopress_titles_title":"","_seopress_titles_desc":"","_seopress_robots_index":"","footnotes":""},"page_category":[],"class_list":["post-15215","page","type-page","status-publish"],"nelio_popups_active_popup":"","acf":[],"_links":{"self":[{"href":"https:\/\/bewatchmaker.com\/es\/wp-json\/wp\/v2\/pages\/15215","targetHints":{"allow":["GET"]}}],"collection":[{"href":"https:\/\/bewatchmaker.com\/es\/wp-json\/wp\/v2\/pages"}],"about":[{"href":"https:\/\/bewatchmaker.com\/es\/wp-json\/wp\/v2\/types\/page"}],"author":[{"embeddable":true,"href":"https:\/\/bewatchmaker.com\/es\/wp-json\/wp\/v2\/users\/1"}],"replies":[{"embeddable":true,"href":"https:\/\/bewatchmaker.com\/es\/wp-json\/wp\/v2\/comments?post=15215"}],"version-history":[{"count":4,"href":"https:\/\/bewatchmaker.com\/es\/wp-json\/wp\/v2\/pages\/15215\/revisions"}],"predecessor-version":[{"id":15246,"href":"https:\/\/bewatchmaker.com\/es\/wp-json\/wp\/v2\/pages\/15215\/revisions\/15246"}],"wp:attachment":[{"href":"https:\/\/bewatchmaker.com\/es\/wp-json\/wp\/v2\/media?parent=15215"}],"wp:term":[{"taxonomy":"page_category","embeddable":true,"href":"https:\/\/bewatchmaker.com\/es\/wp-json\/wp\/v2\/page_category?post=15215"}],"curies":[{"name":"wp","href":"https:\/\/api.w.org\/{rel}","templated":true}]}}