{"id":10741,"date":"2023-02-09T16:08:28","date_gmt":"2023-02-09T15:08:28","guid":{"rendered":"http:\/\/bewatchmaker.com\/produit\/perpetua\/"},"modified":"2025-02-18T14:55:13","modified_gmt":"2025-02-18T13:55:13","slug":"perpetua","status":"publish","type":"product","link":"https:\/\/bewatchmaker.com\/es\/produit\/perpetua\/","title":{"rendered":"Perpetua"},"content":{"rendered":"<div class=\"gb-container gb-container-18824611 text-two-columns\">\r\n\r\n<div class=\"gb-headline gb-headline-b736ad53 gb-headline-text gb-headline-pre-heading\">Suministros<\/div>\r\n\r\n\r\n<ul class=\"wp-block-list\">&#13;\n<li>Caja de reloj <strong>de 2 piezas <\/strong>(centro + fondo)<\/li>&#13;\n\r\n\r\n&#13;\n<li>Correa con hebilla a juego con la caja del reloj<\/li>&#13;\n\r\n\r\n&#13;\n<li>2 pasadores para pulsera<\/li>&#13;\n\r\n\r\n&#13;\n<li>Marque<\/li>&#13;\n\r\n\r\n&#13;\n<li>2 juegos de agujas<\/li>&#13;\n\r\n\r\n&#13;\n<li>Movimiento Calibre SW200<\/li>&#13;\n\r\n\r\n&#13;\n<li>Rueda de las horas y anillo de la esfera<\/li>&#13;\n\r\n\r\n&#13;\n<li>Tornillos de cabeza cil\u00edndrica<\/li>&#13;\n\r\n\r\n&#13;\n<li>C\u00edrculo de carcasa<\/li>&#13;\n\r\n\r\n&#13;\n<li>Bridas de encaje<\/li>&#13;\n\r\n\r\n&#13;\n<li>Tornillos de brida<\/li>&#13;\n<\/ul>\r\n\r\n\r\n<div class=\"gb-headline gb-headline-ffe47992 gb-headline-text gb-headline-pre-heading\">Acceso a la formaci\u00f3n<\/div>\r\n\r\n\r\n<ul class=\"wp-block-list\">&#13;\n<li>Serie de v\u00eddeos de formaci\u00f3n Alpha<\/li>&#13;\n\r\n\r\n&#13;\n<li>15 v\u00eddeos para un total de unos 60 minutos.<\/li>&#13;\n<\/ul>\r\n<\/div><div class=\"gb-container gb-container-5fe759a3\">\r\n\r\n<div class=\"gb-headline gb-headline-ad2dd877 gb-headline-text gb-headline-pre-heading\">Malet\u00edn \/ Herramientas<\/div>\r\n\r\n\r\n<ul class=\"wp-block-list text-two-columns\">&#13;\n<li>Funda BeWatchmaker<\/li>&#13;\n\r\n\r\n&#13;\n<li>Micr\u00f3fonos<\/li>&#13;\n\r\n\r\n&#13;\n<li>Soporte para micr\u00f3fono<\/li>&#13;\n\r\n\r\n&#13;\n<li>Pinzas<\/li>&#13;\n\r\n\r\n&#13;\n<li>Taco de madera<\/li>&#13;\n\r\n\r\n&#13;\n<li>Destornillador rosa 160<\/li>&#13;\n\r\n\r\n&#13;\n<li>Herramienta de barra<\/li>&#13;\n\r\n\r\n&#13;\n<li>Punz\u00f3n de aguja<\/li>&#13;\n\r\n\r\n&#13;\n<li>Palancas de aguja<\/li>&#13;\n\r\n\r\n&#13;\n<li>Llave para base atornillada<\/li>&#13;\n\r\n\r\n&#13;\n<li>Dedos<\/li>&#13;\n\r\n\r\n&#13;\n<li>Rodico<\/li>&#13;\n\r\n\r\n&#13;\n<li>Sobremesa<\/li>&#13;\n\r\n\r\n&#13;\n<li>Pa\u00f1o de microfibra<\/li>&#13;\n\r\n\r\n&#13;\n<li>Bandeja de almacenamiento<\/li>&#13;\n\r\n\r\n&#13;\n<li>Soplador manual<\/li>&#13;\n\r\n\r\n&#13;\n<li>Coj\u00edn nido<\/li>&#13;\n\r\n\r\n&#13;\n<li>Tapa de la esfera<\/li>&#13;\n\r\n\r\n&#13;\n<li>Puerta de movimiento<\/li>&#13;\n\r\n\r\n&#13;\n<li>Puerta de movimiento por puntos<\/li>&#13;\n\r\n\r\n&#13;\n<li>Carta de devoluci\u00f3n<\/li>&#13;\n<\/ul>\r\n\r\n\r\n\n<figure class=\"gb-block-image gb-block-image-47d8d272\"><img loading=\"lazy\" decoding=\"async\" width=\"2000\" height=\"1333\" class=\"gb-image gb-image-47d8d272\" title=\"kit-relojera-1\" src=\"http:\/\/bewatchmaker.com\/wp-content\/uploads\/2023\/10\/kit-bewatchmaker-1.jpg\" alt=\"kit-relojera-1\" srcset=\"https:\/\/bewatchmaker.com\/wp-content\/uploads\/2023\/10\/kit-bewatchmaker-1.jpg 2000w, https:\/\/bewatchmaker.com\/wp-content\/uploads\/2023\/10\/kit-bewatchmaker-1-600x400.jpg 600w, https:\/\/bewatchmaker.com\/wp-content\/uploads\/2023\/10\/kit-bewatchmaker-1-300x200.jpg 300w, https:\/\/bewatchmaker.com\/wp-content\/uploads\/2023\/10\/kit-bewatchmaker-1-800x533.jpg 800w, https:\/\/bewatchmaker.com\/wp-content\/uploads\/2023\/10\/kit-bewatchmaker-1-1024x682.jpg 1024w, https:\/\/bewatchmaker.com\/wp-content\/uploads\/2023\/10\/kit-bewatchmaker-1-150x100.jpg 150w, https:\/\/bewatchmaker.com\/wp-content\/uploads\/2023\/10\/kit-bewatchmaker-1-768x512.jpg 768w, https:\/\/bewatchmaker.com\/wp-content\/uploads\/2023\/10\/kit-bewatchmaker-1-1536x1024.jpg 1536w\" sizes=\"auto, (max-width: 2000px) 100vw, 2000px\" \/><\/figure>\n\r\n\r\n<div class=\"gb-container gb-container-be138959\">\r\n\r\n<div class=\"gb-container gb-container-8ddf065c\">\r\n\r\n\n<figure class=\"gb-block-image gb-block-image-5c980c78\"><img loading=\"lazy\" decoding=\"async\" width=\"1700\" height=\"1700\" class=\"gb-image gb-image-5c980c78\" title=\"calibre-sw200\" src=\"http:\/\/bewatchmaker.com\/wp-content\/uploads\/2023\/02\/calibre-sw200.jpg\" alt=\"Calibre SW200\" srcset=\"https:\/\/bewatchmaker.com\/wp-content\/uploads\/2023\/02\/calibre-sw200.jpg 1700w, https:\/\/bewatchmaker.com\/wp-content\/uploads\/2023\/02\/calibre-sw200-600x600.jpg 600w, https:\/\/bewatchmaker.com\/wp-content\/uploads\/2023\/02\/calibre-sw200-300x300.jpg 300w, https:\/\/bewatchmaker.com\/wp-content\/uploads\/2023\/02\/calibre-sw200-800x800.jpg 800w, https:\/\/bewatchmaker.com\/wp-content\/uploads\/2023\/02\/calibre-sw200-1024x1024.jpg 1024w, https:\/\/bewatchmaker.com\/wp-content\/uploads\/2023\/02\/calibre-sw200-150x150.jpg 150w, https:\/\/bewatchmaker.com\/wp-content\/uploads\/2023\/02\/calibre-sw200-768x768.jpg 768w, https:\/\/bewatchmaker.com\/wp-content\/uploads\/2023\/02\/calibre-sw200-1536x1536.jpg 1536w\" sizes=\"auto, (max-width: 1700px) 100vw, 1700px\" \/><\/figure>\n<\/div>\r\n\r\n<div class=\"gb-container gb-container-1eb6b12d\">\r\n\r\n<div class=\"gb-headline gb-headline-ec89ac28 gb-headline-text gb-headline-pre-heading\">Sobre el movimiento<\/div>\r\n\r\n<div class=\"gb-headline gb-headline-4004d8d4 gb-headline-text gb-headline-pre-heading\">Calibre SW200<\/div>\r\n\r\n<div class=\"gb-headline gb-headline-73a7b9ed gb-headline-text\">Este calibre es un movimiento mec\u00e1nico autom\u00e1tico vers\u00e1til. Dispone de tres agujas para las horas, los minutos y los segundos, as\u00ed como de funci\u00f3n de fecha y cuerda autom\u00e1tica. Estas caracter\u00edsticas lo convierten en una elecci\u00f3n popular para una gran variedad de relojes de pulsera suizos. El SW200 es famoso por su precisi\u00f3n y fiabilidad, lo que lo convierte en un pilar de la relojer\u00eda de calidad.<\/div><\/div><\/div><\/div>","protected":false},"excerpt":{"rendered":"<p>Descubra la esencia de la relojer\u00eda: un reloj autom\u00e1tico con esfera calada que revela la magia del mecanismo de puesta en hora.<\/p>\n","protected":false},"featured_media":8878,"template":"","meta":{"_acf_changed":false,"_seopress_robots_primary_cat":"none","_seopress_titles_title":"","_seopress_titles_desc":"","_seopress_robots_index":""},"product_brand":[],"product_cat":[163],"product_tag":[],"class_list":{"0":"post-10741","1":"product","2":"type-product","3":"status-publish","4":"has-post-thumbnail","6":"product_cat-configurable-es","7":"sales-flash-overlay","8":"woocommerce-text-align-center","9":"woocommerce-image-align-center","11":"first","12":"instock","13":"taxable","14":"shipping-taxable","15":"purchasable","16":"product-type-variable","17":"has-default-attributes","18":"rtwpvg-product"},"acf":[],"_links":{"self":[{"href":"https:\/\/bewatchmaker.com\/es\/wp-json\/wp\/v2\/product\/10741","targetHints":{"allow":["GET"]}}],"collection":[{"href":"https:\/\/bewatchmaker.com\/es\/wp-json\/wp\/v2\/product"}],"about":[{"href":"https:\/\/bewatchmaker.com\/es\/wp-json\/wp\/v2\/types\/product"}],"wp:featuredmedia":[{"embeddable":true,"href":"https:\/\/bewatchmaker.com\/es\/wp-json\/wp\/v2\/media\/8878"}],"wp:attachment":[{"href":"https:\/\/bewatchmaker.com\/es\/wp-json\/wp\/v2\/media?parent=10741"}],"wp:term":[{"taxonomy":"product_brand","embeddable":true,"href":"https:\/\/bewatchmaker.com\/es\/wp-json\/wp\/v2\/product_brand?post=10741"},{"taxonomy":"product_cat","embeddable":true,"href":"https:\/\/bewatchmaker.com\/es\/wp-json\/wp\/v2\/product_cat?post=10741"},{"taxonomy":"product_tag","embeddable":true,"href":"https:\/\/bewatchmaker.com\/es\/wp-json\/wp\/v2\/product_tag?post=10741"}],"curies":[{"name":"wp","href":"https:\/\/api.w.org\/{rel}","templated":true}]}}