{"id":10943,"date":"2023-05-11T11:52:52","date_gmt":"2023-05-11T09:52:52","guid":{"rendered":"http:\/\/bewatchmaker.com\/produit\/aeon\/"},"modified":"2025-02-18T14:55:19","modified_gmt":"2025-02-18T13:55:19","slug":"aeon","status":"publish","type":"product","link":"https:\/\/bewatchmaker.com\/es\/produit\/aeon\/","title":{"rendered":"Aeon"},"content":{"rendered":"<div class=\"gb-container gb-container-18824611 text-two-columns\">\n\n<div class=\"gb-headline gb-headline-b736ad53 gb-headline-text gb-headline-pre-heading\">Suministros<\/div>\n\n\n\n<ul class=\"wp-block-list\">\n<li>Caja de reloj <strong>de 2 piezas <\/strong>(bisel + correa)<\/li>\n\n\n\n<li>Correa con hebilla a juego con la caja del reloj<\/li>\n\n\n\n<li>2 pasadores para pulsera<\/li>\n\n\n\n<li>Marque<\/li>\n\n\n\n<li>2 juegos de agujas<\/li>\n\n\n\n<li>Movimiento Calibre DB-6<\/li>\n\n\n\n<li>La rueda de las horas y su brillo<\/li>\n\n\n\n<li>Tornillos de cabeza cil\u00edndrica<\/li>\n<\/ul>\n\n\n\n<div class=\"gb-headline gb-headline-ffe47992 gb-headline-text gb-headline-pre-heading\">Acceso a la formaci\u00f3n<\/div>\n\n\n\n<ul class=\"wp-block-list\">\n<li>Serie de v\u00eddeos de formaci\u00f3n Alpha<\/li>\n\n\n\n<li>15 v\u00eddeos para un total de unos 60 minutos.<\/li>\n<\/ul>\n\n<\/div><div class=\"gb-container gb-container-5fe759a3\">\n\n<div class=\"gb-headline gb-headline-ad2dd877 gb-headline-text gb-headline-pre-heading\">Malet\u00edn \/ Herramientas<\/div>\n\n\n\n<ul class=\"wp-block-list text-two-columns\">\n<li>Funda BeWatchmaker<\/li>\n\n\n\n<li>Micr\u00f3fonos<\/li>\n\n\n\n<li>Soporte para micr\u00f3fono<\/li>\n\n\n\n<li>Pinzas<\/li>\n\n\n\n<li>Taco de madera<\/li>\n\n\n\n<li>Destornillador rosa 160<\/li>\n\n\n\n<li>Herramienta de barra<\/li>\n\n\n\n<li>Punz\u00f3n de aguja<\/li>\n\n\n\n<li>Palancas de aguja<\/li>\n\n\n\n<li>Llave para base atornillada<\/li>\n\n\n\n<li>Dedos<\/li>\n\n\n\n<li>Rodico<\/li>\n\n\n\n<li>Sobremesa<\/li>\n\n\n\n<li>Pa\u00f1o de microfibra<\/li>\n\n\n\n<li>Bandeja de almacenamiento<\/li>\n\n\n\n<li>Soplador manual<\/li>\n\n\n\n<li>Coj\u00edn nido<\/li>\n\n\n\n<li>Tapa de la esfera<\/li>\n\n\n\n<li>Puerta de movimiento<\/li>\n\n\n\n<li>Puerta de movimiento por puntos<\/li>\n\n\n\n<li>Carta de devoluci\u00f3n<\/li>\n<\/ul>\n\n\n\n<figure class=\"gb-block-image gb-block-image-47d8d272\"><img loading=\"lazy\" decoding=\"async\" width=\"2000\" height=\"1333\" class=\"gb-image gb-image-47d8d272\" src=\"http:\/\/bewatchmaker.com\/wp-content\/uploads\/2023\/10\/kit-bewatchmaker-1.jpg\" alt=\"kit-relojera-1\" title=\"kit-relojera-1\" srcset=\"https:\/\/bewatchmaker.com\/wp-content\/uploads\/2023\/10\/kit-bewatchmaker-1.jpg 2000w, https:\/\/bewatchmaker.com\/wp-content\/uploads\/2023\/10\/kit-bewatchmaker-1-600x400.jpg 600w, https:\/\/bewatchmaker.com\/wp-content\/uploads\/2023\/10\/kit-bewatchmaker-1-300x200.jpg 300w, https:\/\/bewatchmaker.com\/wp-content\/uploads\/2023\/10\/kit-bewatchmaker-1-800x533.jpg 800w, https:\/\/bewatchmaker.com\/wp-content\/uploads\/2023\/10\/kit-bewatchmaker-1-1024x682.jpg 1024w, https:\/\/bewatchmaker.com\/wp-content\/uploads\/2023\/10\/kit-bewatchmaker-1-150x100.jpg 150w, https:\/\/bewatchmaker.com\/wp-content\/uploads\/2023\/10\/kit-bewatchmaker-1-768x512.jpg 768w, https:\/\/bewatchmaker.com\/wp-content\/uploads\/2023\/10\/kit-bewatchmaker-1-1536x1024.jpg 1536w\" sizes=\"auto, (max-width: 2000px) 100vw, 2000px\" \/><\/figure>\n\n\n<div class=\"gb-container gb-container-be138959\">\n<div class=\"gb-container gb-container-8ddf065c\">\n\n<figure class=\"gb-block-image gb-block-image-5c980c78\"><img loading=\"lazy\" decoding=\"async\" width=\"1700\" height=\"1700\" class=\"gb-image gb-image-5c980c78\" src=\"http:\/\/bewatchmaker.com\/wp-content\/uploads\/2023\/10\/calibre-db6.jpg\" alt=\"Calibre DB6\" title=\"calibre-db6\" srcset=\"https:\/\/bewatchmaker.com\/wp-content\/uploads\/2023\/10\/calibre-db6.jpg 1700w, https:\/\/bewatchmaker.com\/wp-content\/uploads\/2023\/10\/calibre-db6-600x600.jpg 600w, https:\/\/bewatchmaker.com\/wp-content\/uploads\/2023\/10\/calibre-db6-300x300.jpg 300w, https:\/\/bewatchmaker.com\/wp-content\/uploads\/2023\/10\/calibre-db6-800x800.jpg 800w, https:\/\/bewatchmaker.com\/wp-content\/uploads\/2023\/10\/calibre-db6-1024x1024.jpg 1024w, https:\/\/bewatchmaker.com\/wp-content\/uploads\/2023\/10\/calibre-db6-150x150.jpg 150w, https:\/\/bewatchmaker.com\/wp-content\/uploads\/2023\/10\/calibre-db6-768x768.jpg 768w, https:\/\/bewatchmaker.com\/wp-content\/uploads\/2023\/10\/calibre-db6-1536x1536.jpg 1536w\" sizes=\"auto, (max-width: 1700px) 100vw, 1700px\" \/><\/figure>\n\n<\/div>\n\n<div class=\"gb-container gb-container-1eb6b12d\">\n\n<div class=\"gb-headline gb-headline-ec89ac28 gb-headline-text gb-headline-pre-heading\">Sobre el movimiento<\/div>\n\n\n\n<div class=\"gb-headline gb-headline-4004d8d4 gb-headline-text gb-headline-pre-heading\">Calibre DB6<\/div>\n\n\n\n<div class=\"gb-headline gb-headline-73a7b9ed gb-headline-text\">Este calibre es un movimiento mec\u00e1nico de cuerda manual famoso por su robustez. Presenta un dise\u00f1o sencillo, con tres agujas para las horas, los minutos y el peque\u00f1o segundero a las 6 horas. Este movimiento es apreciado por su gran tama\u00f1o, que permite una esfera espaciosa y una mayor legibilidad. Se suele utilizar en relojes con pantallas minimalistas o en relojes de estilo vintage.<\/div>\n\n<\/div>\n<\/div>\n<\/div>","protected":false},"excerpt":{"rendered":"<p>Descubra la uni\u00f3n perfecta entre modernismo y clasicismo con nuestro reloj mec\u00e1nico de esfera guilloch\u00e9 y agujas caladas.<\/p>\n","protected":false},"featured_media":8870,"template":"","meta":{"_acf_changed":false,"_seopress_robots_primary_cat":"","_seopress_titles_title":"","_seopress_titles_desc":"","_seopress_robots_index":""},"product_brand":[],"product_cat":[163],"product_tag":[],"class_list":{"0":"post-10943","1":"product","2":"type-product","3":"status-publish","4":"has-post-thumbnail","6":"product_cat-configurable-es","7":"sales-flash-overlay","8":"woocommerce-text-align-center","9":"woocommerce-image-align-center","11":"first","12":"instock","13":"taxable","14":"shipping-taxable","15":"purchasable","16":"product-type-variable","17":"has-default-attributes","18":"rtwpvg-product"},"acf":[],"_links":{"self":[{"href":"https:\/\/bewatchmaker.com\/es\/wp-json\/wp\/v2\/product\/10943","targetHints":{"allow":["GET"]}}],"collection":[{"href":"https:\/\/bewatchmaker.com\/es\/wp-json\/wp\/v2\/product"}],"about":[{"href":"https:\/\/bewatchmaker.com\/es\/wp-json\/wp\/v2\/types\/product"}],"wp:featuredmedia":[{"embeddable":true,"href":"https:\/\/bewatchmaker.com\/es\/wp-json\/wp\/v2\/media\/8870"}],"wp:attachment":[{"href":"https:\/\/bewatchmaker.com\/es\/wp-json\/wp\/v2\/media?parent=10943"}],"wp:term":[{"taxonomy":"product_brand","embeddable":true,"href":"https:\/\/bewatchmaker.com\/es\/wp-json\/wp\/v2\/product_brand?post=10943"},{"taxonomy":"product_cat","embeddable":true,"href":"https:\/\/bewatchmaker.com\/es\/wp-json\/wp\/v2\/product_cat?post=10943"},{"taxonomy":"product_tag","embeddable":true,"href":"https:\/\/bewatchmaker.com\/es\/wp-json\/wp\/v2\/product_tag?post=10943"}],"curies":[{"name":"wp","href":"https:\/\/api.w.org\/{rel}","templated":true}]}}