{"id":13318,"date":"2024-11-15T19:57:29","date_gmt":"2024-11-15T18:57:29","guid":{"rendered":"http:\/\/bewatchmaker.com\/produit\/ovide\/"},"modified":"2024-12-11T09:04:23","modified_gmt":"2024-12-11T08:04:23","slug":"ovide","status":"publish","type":"product","link":"https:\/\/bewatchmaker.com\/es\/produit\/ovide\/","title":{"rendered":"Ovide"},"content":{"rendered":"\n<p>La Ovide, desarrollada en colaboraci\u00f3n con Initium, est\u00e1 disponible en una versi\u00f3n bicolor, en azul y acero, con acabados alternados pulido y satinado.<\/p>\n\n<p>Su caja redonda y moderna de 42 mm est\u00e1 ahuecada en varios lugares, lo que le permite oscilar entre la elegancia cl\u00e1sica y la deportividad, entre la tradici\u00f3n y la modernidad.<\/p>\n\n<p>La esfera est\u00e1 completamente abierta para revelar la belleza del movimiento esqueleto, respetando los c\u00f3digos de los relojes azules y blancos, subrayados por las agujas \u00abBreguet\u00bb.<\/p>\n\n<p>La correa blanca de piel y caucho, dise\u00f1ada para combinar elegancia y comodidad, hace de este reloj una elecci\u00f3n ideal para llevar a diario.<\/p>\n\n<p>Este modelo est\u00e1 equipado con el calibre esqueleto ETA 6497, un movimiento mec\u00e1nico suizo meticulosamente elaborado por nuestros relojeros para que puedas admirar los detalles m\u00e1s finos de este reloj.<\/p>\n","protected":false},"excerpt":{"rendered":"<p>Un reloj que combina tradici\u00f3n e innovaci\u00f3n. Su movimiento esqueleto, revelado en una deslumbrante esfera azul, y su correa de piel y caucho lo convierten en un reloj \u00fanico para un estilo cotidiano refinado. <\/p>\n","protected":false},"featured_media":13221,"template":"","meta":{"_acf_changed":false,"_seopress_robots_primary_cat":"none","_seopress_titles_title":"","_seopress_titles_desc":"","_seopress_robots_index":""},"product_brand":[],"product_cat":[168],"product_tag":[176],"class_list":{"0":"post-13318","1":"product","2":"type-product","3":"status-publish","4":"has-post-thumbnail","6":"product_cat-initium-es","7":"product_tag-movimiento-esqueleto-6497-eta","8":"sales-flash-overlay","9":"woocommerce-text-align-center","10":"woocommerce-image-align-center","11":"wc-has-gallery","13":"first","14":"instock","15":"taxable","16":"shipping-taxable","17":"purchasable","18":"product-type-simple"},"acf":[],"_links":{"self":[{"href":"https:\/\/bewatchmaker.com\/es\/wp-json\/wp\/v2\/product\/13318","targetHints":{"allow":["GET"]}}],"collection":[{"href":"https:\/\/bewatchmaker.com\/es\/wp-json\/wp\/v2\/product"}],"about":[{"href":"https:\/\/bewatchmaker.com\/es\/wp-json\/wp\/v2\/types\/product"}],"wp:featuredmedia":[{"embeddable":true,"href":"https:\/\/bewatchmaker.com\/es\/wp-json\/wp\/v2\/media\/13221"}],"wp:attachment":[{"href":"https:\/\/bewatchmaker.com\/es\/wp-json\/wp\/v2\/media?parent=13318"}],"wp:term":[{"taxonomy":"product_brand","embeddable":true,"href":"https:\/\/bewatchmaker.com\/es\/wp-json\/wp\/v2\/product_brand?post=13318"},{"taxonomy":"product_cat","embeddable":true,"href":"https:\/\/bewatchmaker.com\/es\/wp-json\/wp\/v2\/product_cat?post=13318"},{"taxonomy":"product_tag","embeddable":true,"href":"https:\/\/bewatchmaker.com\/es\/wp-json\/wp\/v2\/product_tag?post=13318"}],"curies":[{"name":"wp","href":"https:\/\/api.w.org\/{rel}","templated":true}]}}