{"id":13320,"date":"2024-11-15T20:15:31","date_gmt":"2024-11-15T19:15:31","guid":{"rendered":"http:\/\/bewatchmaker.com\/produit\/mermoz\/"},"modified":"2024-12-10T10:02:59","modified_gmt":"2024-12-10T09:02:59","slug":"mermoz","status":"publish","type":"product","link":"https:\/\/bewatchmaker.com\/es\/produit\/mermoz\/","title":{"rendered":"Mermoz"},"content":{"rendered":"\n<p>Mermoz se desarroll\u00f3 con el objetivo de aprovechar al m\u00e1ximo el tama\u00f1o de la esfera. Se presenta en una versi\u00f3n monocolor, en acero, con acabado pulido. <\/p>\n\n<p>La esfera, equipada con un taqu\u00edmetro, har\u00e1 las delicias de los entusiastas de la aviaci\u00f3n. Las gruesas manecillas de luminova garantizan una legibilidad \u00f3ptima, incluso con poca luz. <\/p>\n\n<p>La correa de cuero marr\u00f3n o negro recuerda a las antiguas chaquetas de piloto, con costuras blancas que resaltan la esfera.<\/p>\n\n<p>Este modelo est\u00e1 equipado con el calibre BW01, disponible en gris o negro, un movimiento mec\u00e1nico suizo cuyas decoraciones est\u00e1n dise\u00f1adas para resaltar cada detalle de la pieza y acentuar la presencia de las joyas.<\/p>\n","protected":false},"excerpt":{"rendered":"<p>Un reloj dise\u00f1ado para los entusiastas de la aviaci\u00f3n. Con su taqu\u00edmetro funcional y sus agujas luminosas, captura el esp\u00edritu de los pioneros de los cielos. <\/p>\n","protected":false},"featured_media":12908,"template":"","meta":{"_acf_changed":false,"_seopress_robots_primary_cat":"none","_seopress_titles_title":"","_seopress_titles_desc":"","_seopress_robots_index":""},"product_brand":[],"product_cat":[178],"product_tag":[179],"class_list":{"0":"post-13320","1":"product","2":"type-product","3":"status-publish","4":"has-post-thumbnail","6":"product_cat-piloto","7":"product_tag-movimiento-bw01","8":"sales-flash-overlay","9":"woocommerce-text-align-center","10":"woocommerce-image-align-center","12":"first","13":"instock","14":"taxable","15":"shipping-taxable","16":"purchasable","17":"product-type-simple"},"acf":[],"_links":{"self":[{"href":"https:\/\/bewatchmaker.com\/es\/wp-json\/wp\/v2\/product\/13320","targetHints":{"allow":["GET"]}}],"collection":[{"href":"https:\/\/bewatchmaker.com\/es\/wp-json\/wp\/v2\/product"}],"about":[{"href":"https:\/\/bewatchmaker.com\/es\/wp-json\/wp\/v2\/types\/product"}],"wp:featuredmedia":[{"embeddable":true,"href":"https:\/\/bewatchmaker.com\/es\/wp-json\/wp\/v2\/media\/12908"}],"wp:attachment":[{"href":"https:\/\/bewatchmaker.com\/es\/wp-json\/wp\/v2\/media?parent=13320"}],"wp:term":[{"taxonomy":"product_brand","embeddable":true,"href":"https:\/\/bewatchmaker.com\/es\/wp-json\/wp\/v2\/product_brand?post=13320"},{"taxonomy":"product_cat","embeddable":true,"href":"https:\/\/bewatchmaker.com\/es\/wp-json\/wp\/v2\/product_cat?post=13320"},{"taxonomy":"product_tag","embeddable":true,"href":"https:\/\/bewatchmaker.com\/es\/wp-json\/wp\/v2\/product_tag?post=13320"}],"curies":[{"name":"wp","href":"https:\/\/api.w.org\/{rel}","templated":true}]}}