{"id":13324,"date":"2024-11-15T20:02:16","date_gmt":"2024-11-15T19:02:16","guid":{"rendered":"http:\/\/bewatchmaker.com\/produit\/trajano\/"},"modified":"2025-02-14T08:52:18","modified_gmt":"2025-02-14T07:52:18","slug":"trajano","status":"publish","type":"product","link":"https:\/\/bewatchmaker.com\/es\/produit\/trajano\/","title":{"rendered":"Trajano"},"content":{"rendered":"\n<p>El Trajan, desarrollado en colaboraci\u00f3n con Initium, est\u00e1 disponible en una versi\u00f3n bicolor en oro rosa y negro, con acabados pulido y satinado alternados.<\/p>\n\n<p>Su caja redonda integrada de 42 mm, inspirada en los famosos dise\u00f1os de Gerald Genta, est\u00e1 ahuecada en varios lugares para magnificar las zonas pulidas. Este es nuestro modelo ic\u00f3nico. <\/p>\n\n<p>La esfera totalmente abierta revela la belleza del movimiento esqueleto negro. Rodeado de \u00edndices de oro rosa pulido, confiere un aspecto \u00abagresivo\u00bb a este reloj. Las agujas dauphine combinan perfectamente con este elegante marco.  <\/p>\n\n<p>La correa de caucho negro acolchado ofrece una comodidad \u00f3ptima, al tiempo que conserva un aspecto muy elegante. La hebilla de oro rosa se ajusta armoniosamente, creando un elegante contraste. <\/p>\n\n<p>Este modelo est\u00e1 equipado con el calibre ETA 6497 esqueletizado en negro, un movimiento mec\u00e1nico suizo esqueletizado por nuestros relojeros para compartir contigo los detalles m\u00e1s sutiles de este reloj.<\/p>\n","protected":false},"excerpt":{"rendered":"<p>La combinaci\u00f3n perfecta de audacia y refinamiento. Con su caja bicolor integrada y la esfera que se abre sobre su movimiento esqueleto, encarna la excelencia relojera en un estilo decididamente ic\u00f3nico. <\/p>\n","protected":false},"featured_media":13194,"template":"","meta":{"_acf_changed":false,"_seopress_robots_primary_cat":"none","_seopress_titles_title":"","_seopress_titles_desc":"","_seopress_robots_index":""},"product_brand":[],"product_cat":[168],"product_tag":[176],"class_list":{"0":"post-13324","1":"product","2":"type-product","3":"status-publish","4":"has-post-thumbnail","6":"product_cat-initium-es","7":"product_tag-movimiento-esqueleto-6497-eta","8":"sales-flash-overlay","9":"woocommerce-text-align-center","10":"woocommerce-image-align-center","11":"wc-has-gallery","13":"first","14":"instock","15":"taxable","16":"shipping-taxable","17":"purchasable","18":"product-type-simple"},"acf":[],"_links":{"self":[{"href":"https:\/\/bewatchmaker.com\/es\/wp-json\/wp\/v2\/product\/13324","targetHints":{"allow":["GET"]}}],"collection":[{"href":"https:\/\/bewatchmaker.com\/es\/wp-json\/wp\/v2\/product"}],"about":[{"href":"https:\/\/bewatchmaker.com\/es\/wp-json\/wp\/v2\/types\/product"}],"wp:featuredmedia":[{"embeddable":true,"href":"https:\/\/bewatchmaker.com\/es\/wp-json\/wp\/v2\/media\/13194"}],"wp:attachment":[{"href":"https:\/\/bewatchmaker.com\/es\/wp-json\/wp\/v2\/media?parent=13324"}],"wp:term":[{"taxonomy":"product_brand","embeddable":true,"href":"https:\/\/bewatchmaker.com\/es\/wp-json\/wp\/v2\/product_brand?post=13324"},{"taxonomy":"product_cat","embeddable":true,"href":"https:\/\/bewatchmaker.com\/es\/wp-json\/wp\/v2\/product_cat?post=13324"},{"taxonomy":"product_tag","embeddable":true,"href":"https:\/\/bewatchmaker.com\/es\/wp-json\/wp\/v2\/product_tag?post=13324"}],"curies":[{"name":"wp","href":"https:\/\/api.w.org\/{rel}","templated":true}]}}