{"id":13327,"date":"2024-11-15T20:20:12","date_gmt":"2024-11-15T19:20:12","guid":{"rendered":"http:\/\/bewatchmaker.com\/produit\/hartmann\/"},"modified":"2024-12-10T10:02:28","modified_gmt":"2024-12-10T09:02:28","slug":"hartmann","status":"publish","type":"product","link":"https:\/\/bewatchmaker.com\/es\/produit\/hartmann\/","title":{"rendered":"Hartmann"},"content":{"rendered":"\n<p>El Hartmann fue nuestro primer reloj de piloto. Est\u00e1 disponible en una versi\u00f3n monocolor en negro, con acabados alternativamente pulido y satinado. <\/p>\n\n<p>Su esfera negra arenada, con n\u00fameros amarillentos, le da el aspecto vintage de los relojes de piloto de anta\u00f1o. La luminova de esta pieza se ilumina en verde en la oscuridad, a\u00f1adiendo a\u00fan m\u00e1s car\u00e1cter. <\/p>\n\n<p>La correa de piel marr\u00f3n a\u00f1ade el toque final a tu reloj, con su hebilla de pasador negra.<\/p>\n\n<p>Este modelo est\u00e1 equipado con el calibre BW01, disponible en gris o negro, un movimiento mec\u00e1nico suizo cuyas decoraciones est\u00e1n dise\u00f1adas para resaltar cada detalle de la pieza y acentuar la presencia de las joyas.<\/p>\n","protected":false},"excerpt":{"rendered":"<p>Un homenaje a la aviaci\u00f3n de \u00e9poca. Con su esfera negra arenada, n\u00fameros amarillentos y luminova verde, encarna el aut\u00e9ntico esp\u00edritu de los relojes de piloto de anta\u00f1o. <\/p>\n","protected":false},"featured_media":13225,"template":"","meta":{"_acf_changed":false,"_seopress_robots_primary_cat":"none","_seopress_titles_title":"","_seopress_titles_desc":"","_seopress_robots_index":""},"product_brand":[],"product_cat":[178],"product_tag":[179],"class_list":{"0":"post-13327","1":"product","2":"type-product","3":"status-publish","4":"has-post-thumbnail","6":"product_cat-piloto","7":"product_tag-movimiento-bw01","8":"sales-flash-overlay","9":"woocommerce-text-align-center","10":"woocommerce-image-align-center","11":"wc-has-gallery","13":"first","14":"instock","15":"taxable","16":"shipping-taxable","17":"purchasable","18":"product-type-simple"},"acf":[],"_links":{"self":[{"href":"https:\/\/bewatchmaker.com\/es\/wp-json\/wp\/v2\/product\/13327","targetHints":{"allow":["GET"]}}],"collection":[{"href":"https:\/\/bewatchmaker.com\/es\/wp-json\/wp\/v2\/product"}],"about":[{"href":"https:\/\/bewatchmaker.com\/es\/wp-json\/wp\/v2\/types\/product"}],"wp:featuredmedia":[{"embeddable":true,"href":"https:\/\/bewatchmaker.com\/es\/wp-json\/wp\/v2\/media\/13225"}],"wp:attachment":[{"href":"https:\/\/bewatchmaker.com\/es\/wp-json\/wp\/v2\/media?parent=13327"}],"wp:term":[{"taxonomy":"product_brand","embeddable":true,"href":"https:\/\/bewatchmaker.com\/es\/wp-json\/wp\/v2\/product_brand?post=13327"},{"taxonomy":"product_cat","embeddable":true,"href":"https:\/\/bewatchmaker.com\/es\/wp-json\/wp\/v2\/product_cat?post=13327"},{"taxonomy":"product_tag","embeddable":true,"href":"https:\/\/bewatchmaker.com\/es\/wp-json\/wp\/v2\/product_tag?post=13327"}],"curies":[{"name":"wp","href":"https:\/\/api.w.org\/{rel}","templated":true}]}}