{"id":13329,"date":"2024-11-15T20:32:19","date_gmt":"2024-11-15T19:32:19","guid":{"rendered":"http:\/\/bewatchmaker.com\/produit\/saintlo\/"},"modified":"2024-12-10T10:03:43","modified_gmt":"2024-12-10T09:03:43","slug":"saintlo","status":"publish","type":"product","link":"https:\/\/bewatchmaker.com\/es\/produit\/saintlo\/","title":{"rendered":"Saintlo"},"content":{"rendered":"\n<p>El Saintlo simboliza nuestro deseo de mantener nuestro dise\u00f1o en sinton\u00eda con los tiempos, con un estilo sobrio en el que la elegancia reside en la sencillez. Se presenta en una versi\u00f3n monocolor, en acero, con acabado pulido.<\/p>\n\n<p>Su moderna caja redonda de 40 mm est\u00e1 ahuecada en varios lugares, lo que a\u00f1ade un toque deportivo a su aspecto vintage. La corona \u00abrub\u00ed\u00bb a\u00f1ade un detalle distintivo que hace que esta pieza destaque en tu colecci\u00f3n. <\/p>\n\n<p>Su esfera negra con \u00edndices negros la hace muy discreta, mientras que la ventana de fecha a las 6 a\u00f1ade un equilibrio perfecto a la alineaci\u00f3n del dise\u00f1o.<\/p>\n\n<p>La correa de malla milanesa es a la vez flexible y c\u00f3moda, y ofrece un excelente confort en la mu\u00f1eca a la vez que resulta muy agradable a la vista.<\/p>\n\n<p>Este modelo est\u00e1 equipado con el calibre SW200, un movimiento mec\u00e1nico autom\u00e1tico suizo.<\/p>\n","protected":false},"excerpt":{"rendered":"<p>Un reloj de estilo atemporal y refinado. Su caja redonda de 40 mm y su corona de rub\u00edes a\u00f1aden un toque \u00fanico a este modelo decididamente moderno. <\/p>\n","protected":false},"featured_media":13233,"template":"","meta":{"_acf_changed":false,"_seopress_robots_primary_cat":"none","_seopress_titles_title":"","_seopress_titles_desc":"","_seopress_robots_index":""},"product_brand":[],"product_cat":[184],"product_tag":[185],"class_list":{"0":"post-13329","1":"product","2":"type-product","3":"status-publish","4":"has-post-thumbnail","6":"product_cat-vintage-es","7":"product_tag-movimiento-sw200","8":"sales-flash-overlay","9":"woocommerce-text-align-center","10":"woocommerce-image-align-center","11":"wc-has-gallery","13":"first","14":"instock","15":"taxable","16":"shipping-taxable","17":"purchasable","18":"product-type-simple"},"acf":[],"_links":{"self":[{"href":"https:\/\/bewatchmaker.com\/es\/wp-json\/wp\/v2\/product\/13329","targetHints":{"allow":["GET"]}}],"collection":[{"href":"https:\/\/bewatchmaker.com\/es\/wp-json\/wp\/v2\/product"}],"about":[{"href":"https:\/\/bewatchmaker.com\/es\/wp-json\/wp\/v2\/types\/product"}],"wp:featuredmedia":[{"embeddable":true,"href":"https:\/\/bewatchmaker.com\/es\/wp-json\/wp\/v2\/media\/13233"}],"wp:attachment":[{"href":"https:\/\/bewatchmaker.com\/es\/wp-json\/wp\/v2\/media?parent=13329"}],"wp:term":[{"taxonomy":"product_brand","embeddable":true,"href":"https:\/\/bewatchmaker.com\/es\/wp-json\/wp\/v2\/product_brand?post=13329"},{"taxonomy":"product_cat","embeddable":true,"href":"https:\/\/bewatchmaker.com\/es\/wp-json\/wp\/v2\/product_cat?post=13329"},{"taxonomy":"product_tag","embeddable":true,"href":"https:\/\/bewatchmaker.com\/es\/wp-json\/wp\/v2\/product_tag?post=13329"}],"curies":[{"name":"wp","href":"https:\/\/api.w.org\/{rel}","templated":true}]}}