{"id":13332,"date":"2024-11-15T20:26:00","date_gmt":"2024-11-15T19:26:00","guid":{"rendered":"http:\/\/bewatchmaker.com\/produit\/bong-r\/"},"modified":"2024-12-16T10:49:06","modified_gmt":"2024-12-16T09:49:06","slug":"bong-r","status":"publish","type":"product","link":"https:\/\/bewatchmaker.com\/es\/produit\/bong-r\/","title":{"rendered":"Bong R."},"content":{"rendered":"\n<p>El Bong se parece a su primo Hartmann, pero con un estilo m\u00e1s moderno. Se presenta en una versi\u00f3n monocolor, en acero, con un acabado pulido y satinado alternados. <\/p>\n\n<p>Su esfera negra lisa, con n\u00fameros amarillentos, le da el aspecto de un moderno reloj de piloto. La luminova de este reloj brilla en verde en la oscuridad, a\u00f1adiendo a\u00fan m\u00e1s car\u00e1cter. <\/p>\n\n<p>La correa de piel burdeos a\u00f1ade el toque final a tu reloj, con su hebilla de pasador de acero.<\/p>\n\n<p>Este modelo est\u00e1 equipado con el calibre BW01, disponible en gris o negro, un movimiento mec\u00e1nico suizo cuyas decoraciones est\u00e1n dise\u00f1adas para resaltar cada detalle de la pieza y acentuar la presencia de las joyas.<\/p>\n","protected":false},"excerpt":{"rendered":"<p>Una reinterpretaci\u00f3n moderna del reloj de piloto. Con su elegante esfera negra, n\u00fameros amarillentos y luminova verde, encarna el equilibrio perfecto entre tradici\u00f3n e innovaci\u00f3n. <\/p>\n","protected":false},"featured_media":13229,"template":"","meta":{"_acf_changed":false,"_seopress_robots_primary_cat":"none","_seopress_titles_title":"","_seopress_titles_desc":"","_seopress_robots_index":""},"product_brand":[],"product_cat":[178],"product_tag":[179],"class_list":{"0":"post-13332","1":"product","2":"type-product","3":"status-publish","4":"has-post-thumbnail","6":"product_cat-piloto","7":"product_tag-movimiento-bw01","8":"sales-flash-overlay","9":"woocommerce-text-align-center","10":"woocommerce-image-align-center","12":"first","13":"instock","14":"taxable","15":"shipping-taxable","16":"purchasable","17":"product-type-simple"},"acf":[],"_links":{"self":[{"href":"https:\/\/bewatchmaker.com\/es\/wp-json\/wp\/v2\/product\/13332","targetHints":{"allow":["GET"]}}],"collection":[{"href":"https:\/\/bewatchmaker.com\/es\/wp-json\/wp\/v2\/product"}],"about":[{"href":"https:\/\/bewatchmaker.com\/es\/wp-json\/wp\/v2\/types\/product"}],"wp:featuredmedia":[{"embeddable":true,"href":"https:\/\/bewatchmaker.com\/es\/wp-json\/wp\/v2\/media\/13229"}],"wp:attachment":[{"href":"https:\/\/bewatchmaker.com\/es\/wp-json\/wp\/v2\/media?parent=13332"}],"wp:term":[{"taxonomy":"product_brand","embeddable":true,"href":"https:\/\/bewatchmaker.com\/es\/wp-json\/wp\/v2\/product_brand?post=13332"},{"taxonomy":"product_cat","embeddable":true,"href":"https:\/\/bewatchmaker.com\/es\/wp-json\/wp\/v2\/product_cat?post=13332"},{"taxonomy":"product_tag","embeddable":true,"href":"https:\/\/bewatchmaker.com\/es\/wp-json\/wp\/v2\/product_tag?post=13332"}],"curies":[{"name":"wp","href":"https:\/\/api.w.org\/{rel}","templated":true}]}}