{"id":13335,"date":"2024-11-15T20:35:37","date_gmt":"2024-11-15T19:35:37","guid":{"rendered":"http:\/\/bewatchmaker.com\/produit\/saintlo-oscuro\/"},"modified":"2024-12-10T10:01:32","modified_gmt":"2024-12-10T09:01:32","slug":"saintlo-oscuro","status":"publish","type":"product","link":"https:\/\/bewatchmaker.com\/es\/produit\/saintlo-oscuro\/","title":{"rendered":"Saintlo Oscuro"},"content":{"rendered":"\n<p>El Saintlo simboliza nuestro deseo de estar al d\u00eda, con un dise\u00f1o muy sobrio y elegancia en la sencillez. Se presenta en una versi\u00f3n monocolor, en negro, con acabado pulido. <\/p>\n\n<p>Su moderna caja redonda de 40 mm est\u00e1 ahuecada en varios lugares, lo que a\u00f1ade un toque deportivo a su encanto vintage. La corona \u00abrub\u00ed\u00bb a\u00f1ade un detalle distintivo que hace que esta pieza destaque en tu colecci\u00f3n. <\/p>\n\n<p>La esfera de color champ\u00e1n realza el discreto atractivo del reloj, mientras que la ventana de fecha a las 6 en punto aporta un armonioso equilibrio al dise\u00f1o.<\/p>\n\n<p>La correa de malla milanesa es extremadamente flexible, lo que garantiza una comodidad \u00f3ptima al tiempo que ofrece un estilo visualmente agradable.<\/p>\n\n<p>Este modelo est\u00e1 equipado con el calibre SW200, un movimiento mec\u00e1nico autom\u00e1tico suizo.<\/p>\n","protected":false},"excerpt":{"rendered":"<p>Un reloj de estilo atemporal y refinado. Su caja redonda de 40 mm y su corona de rub\u00edes a\u00f1aden un toque \u00fanico a este modelo decididamente moderno. <\/p>\n","protected":false},"featured_media":13237,"template":"","meta":{"_acf_changed":false,"_seopress_robots_primary_cat":"none","_seopress_titles_title":"","_seopress_titles_desc":"","_seopress_robots_index":""},"product_brand":[],"product_cat":[184],"product_tag":[185],"class_list":{"0":"post-13335","1":"product","2":"type-product","3":"status-publish","4":"has-post-thumbnail","6":"product_cat-vintage-es","7":"product_tag-movimiento-sw200","8":"sales-flash-overlay","9":"woocommerce-text-align-center","10":"woocommerce-image-align-center","12":"first","13":"instock","14":"taxable","15":"shipping-taxable","16":"purchasable","17":"product-type-simple"},"acf":[],"_links":{"self":[{"href":"https:\/\/bewatchmaker.com\/es\/wp-json\/wp\/v2\/product\/13335","targetHints":{"allow":["GET"]}}],"collection":[{"href":"https:\/\/bewatchmaker.com\/es\/wp-json\/wp\/v2\/product"}],"about":[{"href":"https:\/\/bewatchmaker.com\/es\/wp-json\/wp\/v2\/types\/product"}],"wp:featuredmedia":[{"embeddable":true,"href":"https:\/\/bewatchmaker.com\/es\/wp-json\/wp\/v2\/media\/13237"}],"wp:attachment":[{"href":"https:\/\/bewatchmaker.com\/es\/wp-json\/wp\/v2\/media?parent=13335"}],"wp:term":[{"taxonomy":"product_brand","embeddable":true,"href":"https:\/\/bewatchmaker.com\/es\/wp-json\/wp\/v2\/product_brand?post=13335"},{"taxonomy":"product_cat","embeddable":true,"href":"https:\/\/bewatchmaker.com\/es\/wp-json\/wp\/v2\/product_cat?post=13335"},{"taxonomy":"product_tag","embeddable":true,"href":"https:\/\/bewatchmaker.com\/es\/wp-json\/wp\/v2\/product_tag?post=13335"}],"curies":[{"name":"wp","href":"https:\/\/api.w.org\/{rel}","templated":true}]}}