{"id":13341,"date":"2024-11-15T20:46:40","date_gmt":"2024-11-15T19:46:40","guid":{"rendered":"http:\/\/bewatchmaker.com\/produit\/westwood-001\/"},"modified":"2025-03-18T17:52:12","modified_gmt":"2025-03-18T16:52:12","slug":"westwood-001","status":"publish","type":"product","link":"https:\/\/bewatchmaker.com\/es\/produit\/westwood-001\/","title":{"rendered":"WestWood 001"},"content":{"rendered":"\n<p>El WestWood encarna el cambio de lo vintage, con un estilo steampunk que se sit\u00faa perfectamente entre el pasado y el presente. Se presenta en una versi\u00f3n monocolor, en acero, con un acabado alternativamente pulido y satinado. <\/p>\n\n<p>Su esfera calada permite aprovechar el mecanismo de puesta en hora, un detalle extremadamente raro, sobre todo en esta parte de la esfera. Con el mismo esp\u00edritu, las agujas tambi\u00e9n est\u00e1n caladas, lo que refuerza el car\u00e1cter \u00fanico del reloj. <\/p>\n\n<p>La correa de piel burdeos a\u00f1ade el toque final, con su hebilla de pasador de acero.<\/p>\n\n<p>Este modelo est\u00e1 equipado con el calibre SW200, un movimiento mec\u00e1nico autom\u00e1tico suizo.<\/p>\n","protected":false},"excerpt":{"rendered":"<p>Elegancia steampunk, a medio camino entre el pasado y el presente. Su esfera abierta y sus agujas caladas revelan un dise\u00f1o \u00fanico. <\/p>\n","protected":false},"featured_media":13241,"template":"","meta":{"_acf_changed":false,"_seopress_robots_primary_cat":"none","_seopress_titles_title":"","_seopress_titles_desc":"","_seopress_robots_index":""},"product_brand":[],"product_cat":[184],"product_tag":[185],"class_list":{"0":"post-13341","1":"product","2":"type-product","3":"status-publish","4":"has-post-thumbnail","6":"product_cat-vintage-es","7":"product_tag-movimiento-sw200","8":"sales-flash-overlay","9":"woocommerce-text-align-center","10":"woocommerce-image-align-center","11":"wc-has-gallery","13":"first","14":"instock","15":"taxable","16":"shipping-taxable","17":"purchasable","18":"product-type-simple"},"acf":[],"_links":{"self":[{"href":"https:\/\/bewatchmaker.com\/es\/wp-json\/wp\/v2\/product\/13341","targetHints":{"allow":["GET"]}}],"collection":[{"href":"https:\/\/bewatchmaker.com\/es\/wp-json\/wp\/v2\/product"}],"about":[{"href":"https:\/\/bewatchmaker.com\/es\/wp-json\/wp\/v2\/types\/product"}],"wp:featuredmedia":[{"embeddable":true,"href":"https:\/\/bewatchmaker.com\/es\/wp-json\/wp\/v2\/media\/13241"}],"wp:attachment":[{"href":"https:\/\/bewatchmaker.com\/es\/wp-json\/wp\/v2\/media?parent=13341"}],"wp:term":[{"taxonomy":"product_brand","embeddable":true,"href":"https:\/\/bewatchmaker.com\/es\/wp-json\/wp\/v2\/product_brand?post=13341"},{"taxonomy":"product_cat","embeddable":true,"href":"https:\/\/bewatchmaker.com\/es\/wp-json\/wp\/v2\/product_cat?post=13341"},{"taxonomy":"product_tag","embeddable":true,"href":"https:\/\/bewatchmaker.com\/es\/wp-json\/wp\/v2\/product_tag?post=13341"}],"curies":[{"name":"wp","href":"https:\/\/api.w.org\/{rel}","templated":true}]}}