{"id":13349,"date":"2024-11-15T21:07:19","date_gmt":"2024-11-15T20:07:19","guid":{"rendered":"http:\/\/bewatchmaker.com\/produit\/primordial\/"},"modified":"2024-12-10T10:03:35","modified_gmt":"2024-12-10T09:03:35","slug":"primordial","status":"publish","type":"product","link":"https:\/\/bewatchmaker.com\/es\/produit\/primordial\/","title":{"rendered":"Primordial"},"content":{"rendered":"\n<p>Primordial es nuestro primer modelo.\nEs ante todo una elecci\u00f3n personal, que define el estilo y los c\u00f3digos de color de la marca.\nSe presenta en una versi\u00f3n monocolor, en acero, con un acabado alternativamente pulido y satinado.  <\/p>\n\n<p>La esfera C\u00f4tes de Gen\u00e8ve era una elecci\u00f3n obvia.\nLa luminova de las agujas y los \u00edndices es de color azul claro, lo que hace que este reloj sea imprescindible cuando escasea la luz.\nSencillamente, es un reloj moderno, nuestro primer favorito.  <\/p>\n\n<p>La correa de piel negra subraya la identidad Bewatchmaker, a\u00f1adiendo un toque final al aspecto de esta pieza.<\/p>\n\n<p>Este modelo est\u00e1 equipado con el calibre BW01, disponible en gris o negro, un movimiento mec\u00e1nico suizo cuyas decoraciones est\u00e1n dise\u00f1adas para resaltar cada detalle de la pieza y acentuar la presencia de las joyas.<\/p>\n","protected":false},"excerpt":{"rendered":"<p>el reloj fundador de BeWatchmaker.<br \/>\nSu dise\u00f1o elegante y su acabado meticuloso encarnan la visi\u00f3n audaz y moderna de la marca. <\/p>\n","protected":false},"featured_media":13253,"template":"","meta":{"_acf_changed":false,"_seopress_robots_primary_cat":"none","_seopress_titles_title":"","_seopress_titles_desc":"","_seopress_robots_index":""},"product_brand":[],"product_cat":[191],"product_tag":[179],"class_list":{"0":"post-13349","1":"product","2":"type-product","3":"status-publish","4":"has-post-thumbnail","6":"product_cat-patrimonio","7":"product_tag-movimiento-bw01","8":"sales-flash-overlay","9":"woocommerce-text-align-center","10":"woocommerce-image-align-center","11":"wc-has-gallery","13":"first","14":"instock","15":"taxable","16":"shipping-taxable","17":"purchasable","18":"product-type-simple"},"acf":[],"_links":{"self":[{"href":"https:\/\/bewatchmaker.com\/es\/wp-json\/wp\/v2\/product\/13349","targetHints":{"allow":["GET"]}}],"collection":[{"href":"https:\/\/bewatchmaker.com\/es\/wp-json\/wp\/v2\/product"}],"about":[{"href":"https:\/\/bewatchmaker.com\/es\/wp-json\/wp\/v2\/types\/product"}],"wp:featuredmedia":[{"embeddable":true,"href":"https:\/\/bewatchmaker.com\/es\/wp-json\/wp\/v2\/media\/13253"}],"wp:attachment":[{"href":"https:\/\/bewatchmaker.com\/es\/wp-json\/wp\/v2\/media?parent=13349"}],"wp:term":[{"taxonomy":"product_brand","embeddable":true,"href":"https:\/\/bewatchmaker.com\/es\/wp-json\/wp\/v2\/product_brand?post=13349"},{"taxonomy":"product_cat","embeddable":true,"href":"https:\/\/bewatchmaker.com\/es\/wp-json\/wp\/v2\/product_cat?post=13349"},{"taxonomy":"product_tag","embeddable":true,"href":"https:\/\/bewatchmaker.com\/es\/wp-json\/wp\/v2\/product_tag?post=13349"}],"curies":[{"name":"wp","href":"https:\/\/api.w.org\/{rel}","templated":true}]}}