{"id":13355,"date":"2024-11-17T15:34:59","date_gmt":"2024-11-17T14:34:59","guid":{"rendered":"http:\/\/bewatchmaker.com\/produit\/dinastia-001\/"},"modified":"2024-12-10T10:01:43","modified_gmt":"2024-12-10T09:01:43","slug":"dinastia-001","status":"publish","type":"product","link":"https:\/\/bewatchmaker.com\/es\/produit\/dinastia-001\/","title":{"rendered":"Dinast\u00eda 001"},"content":{"rendered":"\n<p>Dynasty, el segundo modelo de Bewatchmaker, sigue la tendencia de la alta relojer\u00eda de los a\u00f1os 80, y se presenta en una versi\u00f3n monocolor de oro rosa con acabado pulido.<\/p>\n\n<p>La esfera guilloch\u00e9 es un complemento cl\u00e1sico para cualquier colecci\u00f3n. Todo en este reloj ha sido dise\u00f1ado para respetar al m\u00e1ximo los c\u00f3digos de la alta relojer\u00eda del siglo XX: n\u00fameros romanos, agujas de hoja caladas. Este reloj es tambi\u00e9n el m\u00e1s f\u00e1cil de montar de todos nuestros relojes. Sus agujas caladas lo hacen f\u00e1cil de manejar, y el tama\u00f1o de la esfera facilita su manipulaci\u00f3n.   <\/p>\n\n<p>La correa de cuero (o terciopelo) se ajusta perfectamente a los c\u00f3digos tradicionales, a\u00f1adiendo un toque final al aspecto de esta pieza.<\/p>\n\n<p>Este modelo est\u00e1 equipado con el calibre BW01, disponible en gris o negro, un movimiento mec\u00e1nico suizo cuyas decoraciones est\u00e1n dise\u00f1adas para resaltar cada detalle de la pieza y acentuar la presencia de las joyas.<\/p>\n","protected":false},"excerpt":{"rendered":"<p>Un reloj dise\u00f1ado para respetar los c\u00f3digos cl\u00e1sicos del siglo XX. Su esfera guilloch\u00e9 y sus agujas caladas lo convierten en un reloj refinado pero accesible. <\/p>\n","protected":false},"featured_media":13262,"template":"","meta":{"_acf_changed":false,"_seopress_robots_primary_cat":"none","_seopress_titles_title":"","_seopress_titles_desc":"","_seopress_robots_index":""},"product_brand":[],"product_cat":[191],"product_tag":[179],"class_list":{"0":"post-13355","1":"product","2":"type-product","3":"status-publish","4":"has-post-thumbnail","6":"product_cat-patrimonio","7":"product_tag-movimiento-bw01","8":"sales-flash-overlay","9":"woocommerce-text-align-center","10":"woocommerce-image-align-center","11":"wc-has-gallery","13":"first","14":"instock","15":"taxable","16":"shipping-taxable","17":"purchasable","18":"product-type-simple"},"acf":[],"_links":{"self":[{"href":"https:\/\/bewatchmaker.com\/es\/wp-json\/wp\/v2\/product\/13355","targetHints":{"allow":["GET"]}}],"collection":[{"href":"https:\/\/bewatchmaker.com\/es\/wp-json\/wp\/v2\/product"}],"about":[{"href":"https:\/\/bewatchmaker.com\/es\/wp-json\/wp\/v2\/types\/product"}],"wp:featuredmedia":[{"embeddable":true,"href":"https:\/\/bewatchmaker.com\/es\/wp-json\/wp\/v2\/media\/13262"}],"wp:attachment":[{"href":"https:\/\/bewatchmaker.com\/es\/wp-json\/wp\/v2\/media?parent=13355"}],"wp:term":[{"taxonomy":"product_brand","embeddable":true,"href":"https:\/\/bewatchmaker.com\/es\/wp-json\/wp\/v2\/product_brand?post=13355"},{"taxonomy":"product_cat","embeddable":true,"href":"https:\/\/bewatchmaker.com\/es\/wp-json\/wp\/v2\/product_cat?post=13355"},{"taxonomy":"product_tag","embeddable":true,"href":"https:\/\/bewatchmaker.com\/es\/wp-json\/wp\/v2\/product_tag?post=13355"}],"curies":[{"name":"wp","href":"https:\/\/api.w.org\/{rel}","templated":true}]}}