{"id":14454,"date":"2025-04-16T15:41:55","date_gmt":"2025-04-16T13:41:55","guid":{"rendered":"https:\/\/bewatchmaker.com\/produit\/experiencia-relojera\/"},"modified":"2025-08-21T11:24:13","modified_gmt":"2025-08-21T09:24:13","slug":"experiencia-relojera","status":"publish","type":"product","link":"https:\/\/bewatchmaker.com\/es\/produit\/experiencia-relojera\/","title":{"rendered":"Experiencia relojera"},"content":{"rendered":"\n<p class=\"gb-headline gb-headline-f65594cb gb-headline-text\"><strong>Explora la relojer\u00eda como nunca antes.<\/strong><\/p>\n\n<p>Con este kit \u00fanico, podr\u00e1s <strong>montar y desmontar un movimiento mec\u00e1nico suizo completo<\/strong>.<\/p>\n\n<p>Paso a paso, con tornillos y puentes entre los dedos, descubrir\u00e1s los secretos de un calibre, comprender\u00e1s c\u00f3mo interact\u00faa cada pieza y c\u00f3mo la precisi\u00f3n nace del movimiento. Es una <strong>aut\u00e9ntica introducci\u00f3n a la relojer\u00eda<\/strong>, accesible, educativa e incre\u00edblemente gratificante. <\/p>\n\n<p>Un movimiento desnudo es mucho m\u00e1s que un mecanismo: es el aliento del tiempo.<\/p>\n\n<p>Y ahora vas a domar ese aliento.<\/p>\n","protected":false},"excerpt":{"rendered":"<p><strong>Todas las herramientas que necesitas para montar un reloj.  <\/strong>Formaci\u00f3n completa en el montaje y desmontaje de un movimiento mec\u00e1nico. Un malet\u00edn que se convierte en un aut\u00e9ntico banco de trabajo de relojero. Un movimiento mec\u00e1nico de tu elecci\u00f3n.  <\/p>\n","protected":false},"featured_media":14405,"template":"","meta":{"_acf_changed":false,"_seopress_robots_primary_cat":"none","_seopress_titles_title":"","_seopress_titles_desc":"","_seopress_robots_index":""},"product_brand":[],"product_cat":[142],"product_tag":[],"class_list":{"0":"post-14454","1":"product","2":"type-product","3":"status-publish","4":"has-post-thumbnail","6":"product_cat-general-es","7":"sales-flash-overlay","8":"woocommerce-text-align-center","9":"woocommerce-image-align-center","11":"first","12":"instock","13":"taxable","14":"shipping-taxable","15":"purchasable","16":"product-type-variable","17":"has-default-attributes","18":"rtwpvg-product"},"acf":[],"_links":{"self":[{"href":"https:\/\/bewatchmaker.com\/es\/wp-json\/wp\/v2\/product\/14454","targetHints":{"allow":["GET"]}}],"collection":[{"href":"https:\/\/bewatchmaker.com\/es\/wp-json\/wp\/v2\/product"}],"about":[{"href":"https:\/\/bewatchmaker.com\/es\/wp-json\/wp\/v2\/types\/product"}],"wp:featuredmedia":[{"embeddable":true,"href":"https:\/\/bewatchmaker.com\/es\/wp-json\/wp\/v2\/media\/14405"}],"wp:attachment":[{"href":"https:\/\/bewatchmaker.com\/es\/wp-json\/wp\/v2\/media?parent=14454"}],"wp:term":[{"taxonomy":"product_brand","embeddable":true,"href":"https:\/\/bewatchmaker.com\/es\/wp-json\/wp\/v2\/product_brand?post=14454"},{"taxonomy":"product_cat","embeddable":true,"href":"https:\/\/bewatchmaker.com\/es\/wp-json\/wp\/v2\/product_cat?post=14454"},{"taxonomy":"product_tag","embeddable":true,"href":"https:\/\/bewatchmaker.com\/es\/wp-json\/wp\/v2\/product_tag?post=14454"}],"curies":[{"name":"wp","href":"https:\/\/api.w.org\/{rel}","templated":true}]}}