{"id":15313,"date":"2025-12-11T16:47:46","date_gmt":"2025-12-11T15:47:46","guid":{"rendered":"https:\/\/bewatchmaker.com\/produit\/kit-de-cuarzo\/"},"modified":"2025-12-11T16:51:44","modified_gmt":"2025-12-11T15:51:44","slug":"kit-de-cuarzo","status":"publish","type":"product","link":"https:\/\/bewatchmaker.com\/es\/produit\/kit-de-cuarzo\/","title":{"rendered":"Kit de cuarzo"},"content":{"rendered":"","protected":false},"excerpt":{"rendered":"<p><strong>\u00a1Relojer\u00eda al alcance de todos! Monta tu reloj en 30 \u00f3 40 minutos con la ayuda de nuestro v\u00eddeo tutorial. <\/strong><\/p>\n<p>Adecuado para jinetes solitarios a partir de 12 a\u00f1os y para jinetes acompa\u00f1ados a partir de 8 a\u00f1os, es una primera experiencia ideal de montaje, ya sea solo o en familia.<\/p>\n","protected":false},"featured_media":15366,"template":"","meta":{"_acf_changed":false,"_seopress_robots_primary_cat":"none","_seopress_titles_title":"","_seopress_titles_desc":"","_seopress_robots_index":""},"product_brand":[],"product_cat":[142],"product_tag":[],"class_list":{"0":"post-15313","1":"product","2":"type-product","3":"status-publish","4":"has-post-thumbnail","6":"product_cat-general-es","7":"sales-flash-overlay","8":"woocommerce-text-align-center","9":"woocommerce-image-align-center","11":"first","12":"instock","13":"taxable","14":"shipping-taxable","15":"purchasable","16":"product-type-variable","17":"has-default-attributes","18":"rtwpvg-product"},"acf":[],"_links":{"self":[{"href":"https:\/\/bewatchmaker.com\/es\/wp-json\/wp\/v2\/product\/15313","targetHints":{"allow":["GET"]}}],"collection":[{"href":"https:\/\/bewatchmaker.com\/es\/wp-json\/wp\/v2\/product"}],"about":[{"href":"https:\/\/bewatchmaker.com\/es\/wp-json\/wp\/v2\/types\/product"}],"wp:featuredmedia":[{"embeddable":true,"href":"https:\/\/bewatchmaker.com\/es\/wp-json\/wp\/v2\/media\/15366"}],"wp:attachment":[{"href":"https:\/\/bewatchmaker.com\/es\/wp-json\/wp\/v2\/media?parent=15313"}],"wp:term":[{"taxonomy":"product_brand","embeddable":true,"href":"https:\/\/bewatchmaker.com\/es\/wp-json\/wp\/v2\/product_brand?post=15313"},{"taxonomy":"product_cat","embeddable":true,"href":"https:\/\/bewatchmaker.com\/es\/wp-json\/wp\/v2\/product_cat?post=15313"},{"taxonomy":"product_tag","embeddable":true,"href":"https:\/\/bewatchmaker.com\/es\/wp-json\/wp\/v2\/product_tag?post=15313"}],"curies":[{"name":"wp","href":"https:\/\/api.w.org\/{rel}","templated":true}]}}